{"id":68,"date":"2025-07-21T11:36:04","date_gmt":"2025-07-21T11:36:04","guid":{"rendered":"https:\/\/help.mynextring.com\/?page_id=68"},"modified":"2025-07-22T09:56:16","modified_gmt":"2025-07-22T09:56:16","slug":"handbuch","status":"publish","type":"page","link":"https:\/\/help.mynextring.com\/it\/handbuch\/","title":{"rendered":"Benutzerhandbuch"},"content":{"rendered":"<section class=\"bde-section-68-100 bde-section\">\n  \n  \n\t\n\n\n\n<div class=\"section-container\"><h1 class=\"bde-heading-68-101 bde-heading\">\nIstruzioni per l'uso\n<\/h1><h3 class=\"bde-heading-68-103 bde-heading\">\nAmbito di consegna\n<\/h3><div class=\"bde-rich-text-68-121 bde-rich-text breakdance-rich-text-styles\">\n<ol><li class=\"p1\"><h5>Anello intelligente \"MY nextRING\"<\/h5><\/li><li class=\"p1\"><h5>Custodia di ricarica wireless (custodia di ricarica)<\/h5><\/li><li class=\"p1\"><h5>Cavo di ricarica Type-C<\/h5><\/li><li class=\"p2\"><h5>Istruzioni per l'uso<\/h5><\/li><\/ol><p>\u00a0<\/p>\n<\/div><h3 class=\"bde-heading-68-120 bde-heading\">\nScarica l'app MY nextRING\n<\/h3><div class=\"bde-rich-text-68-119 bde-rich-text breakdance-rich-text-styles\">\n<ol><li class=\"p2\">Scansionate il codice QR o cercate l'app su Google Play o iOS App Store. <b>MYnextRING<\/b>.<\/li><li class=\"p3\">Quindi installare l'applicazione.<\/li><\/ol><p>\u00a0<\/p><p>\u00a0<\/p>\n<\/div><h3 class=\"bde-heading-68-118 bde-heading\">\nAbbinare MYnextRing allo smartphone\n<\/h3><div class=\"bde-rich-text-68-117 bde-rich-text breakdance-rich-text-styles\">\n<p class=\"p1\">Per collegare l'anello allo smartphone, deve prima \u201esvegliarsi\u201c.<\/p><p class=\"p1\">A tal fine, posizionare l'anello nella custodia di ricarica senza esercitare pressione e caricarlo nella custodia per almeno 30 minuti. Collegare la custodia a una fonte di alimentazione. L'anello lampeggia nella custodia di ricarica!<\/p><p class=\"p1\">\u00c8 ora possibile utilizzare il sistema MYnextRING<i>\u00a0<\/i>Collegare l'app.<\/p><p class=\"p1\">Passare alla sezione PROFILO nell'APP. L\u00ec \u00e8 possibile accoppiare l'anello.<\/p><p class=\"p1\">Il Bluetooth deve essere attivato! L'anello supporta la versione Bluetooth 5.0 o superiore.<\/p>\n<\/div><h3 class=\"bde-heading-68-116 bde-heading\">\nIndossare correttamente l'anello\n<\/h3><div class=\"bde-rich-text-68-115 bde-rich-text breakdance-rich-text-styles\">\n<p class=\"p1\">Per ottenere prestazioni e precisione ottimali, si consiglia di indossare l'anello sul dito indice della mano non dominante. Se si preferisce un altro dito, anche il medio e l'anulare sono adatti. Tuttavia, evitare le dita la cui base \u00e8 pi\u00f9 stretta della nocca.<\/p><p class=\"p1\">Il sensore dell'anello deve trovarsi all'interno del dito. L'anello deve essere posizionato in modo sicuro e confortevole alla base del dito.<\/p>\n<\/div><h3 class=\"bde-heading-68-114 bde-heading\">\nImpostazioni del dispositivo\n<\/h3><div class=\"bde-rich-text-68-113 bde-rich-text breakdance-rich-text-styles\">\n<h5 class=\"p1\">Definizione dell'intervallo di misurazione<\/h5><p class=\"p1\">\u00c8 possibile definire gli intervalli di misurazione. Ad esempio, misurare il polso ogni 15 minuti.<\/p><h5 class=\"p1\">Impostazione dell'unit\u00e0<\/h5><p class=\"p1\">Qui \u00e8 possibile impostare le unit\u00e0 di misura per i vari valori.<\/p><h5 class=\"p1\">Obiettivo<\/h5><p class=\"p1\">Personalizzate i vostri obiettivi di passi, distanza, calorie e ore di sonno al giorno.<\/p><h5 class=\"p1\">Aggiornamento del firmware (OTA)<\/h5><p class=\"p1\">Se necessario, \u00e8 possibile aggiornare sia il software\/firmware dell'anello (ad es. V0.6.7.0) che l'APP. Il nuovo firmware dell'anello \u00e8 visualizzato accanto al simbolo dell'anello. L'APP si trova nella sezione \u201e<i>Aggiornamento della ricerca<\/i>\u201c.<\/p>\n<\/div><h3 class=\"bde-heading-68-112 bde-heading\">\nIstruzioni di sicurezza\n<\/h3><div class=\"de-advanced-table-68-111 de-advanced-table\" role=\"table\" table-id=\"100\" data-acc=\"true\">\n<div class=\"de-col-wrapper\" role=\"rowgroup\"><div class=\"de-row-header\" role=\"rowheader\" aria-rowindex=\"1\" aria-colindex=\"1\">Garanzia &amp;<br> Esclusione della garanzia:<\/div><div class=\"de-cell\" role=\"cell\" aria-colindex=\"2\" aria-rowindex=\"1\" aria-label=\" \">\n                        12 mesi; esclusi i segni d'uso e i danni meccanici dovuti a un uso improprio.\n                        \n                     <\/div><\/div><div class=\"de-col-wrapper\" role=\"rowgroup\"><div class=\"de-row-header\" role=\"rowheader\" aria-rowindex=\"1\" aria-colindex=\"2\">Versione BT:<\/div><div class=\"de-cell\" role=\"cell\" aria-colindex=\"2\" aria-rowindex=\"2\" aria-label=\" \">\n                        BLE 5.0\n                        \n                     <\/div><\/div><div class=\"de-col-wrapper\" role=\"rowgroup\"><div class=\"de-row-header\" role=\"rowheader\" aria-rowindex=\"1\" aria-colindex=\"3\">Gamma BT:<\/div><div class=\"de-cell\" role=\"cell\" aria-colindex=\"2\" aria-rowindex=\"3\" aria-label=\" \">\n                        2 metri\n                        \n                     <\/div><\/div><div class=\"de-col-wrapper\" role=\"rowgroup\"><div class=\"de-row-header\" role=\"rowheader\" aria-rowindex=\"1\" aria-colindex=\"4\">Batteria:<\/div><div class=\"de-cell\" role=\"cell\" aria-colindex=\"2\" aria-rowindex=\"4\" aria-label=\" \">\n                        Ricaricabile. 14,5 mAh - 21,5 mAh\n                        \n                     <\/div><\/div><div class=\"de-col-wrapper\" role=\"rowgroup\"><div class=\"de-row-header\" role=\"rowheader\" aria-rowindex=\"1\" aria-colindex=\"5\">Autonomia della batteria:<\/div><div class=\"de-cell\" role=\"cell\" aria-colindex=\"2\" aria-rowindex=\"5\" aria-label=\" \">\n                        Fino a 10 giorni\n                        \n                     <\/div><\/div><div class=\"de-col-wrapper\" role=\"rowgroup\"><div class=\"de-row-header\" role=\"rowheader\" aria-rowindex=\"1\" aria-colindex=\"6\">Memorizzazione dei dati:<\/div><div class=\"de-cell\" role=\"cell\" aria-colindex=\"2\" aria-rowindex=\"6\" aria-label=\" \">\n                        15 giorni\n                        \n                     <\/div><\/div><div class=\"de-col-wrapper\" role=\"rowgroup\"><div class=\"de-row-header\" role=\"rowheader\" aria-rowindex=\"1\" aria-colindex=\"7\">Impermeabile:<\/div><div class=\"de-cell\" role=\"cell\" aria-colindex=\"2\" aria-rowindex=\"7\" aria-label=\" \">\n                        Fino a 50 metri\n                        \n                     <\/div><\/div><div class=\"de-col-wrapper\" role=\"rowgroup\"><div class=\"de-row-header\" role=\"rowheader\" aria-rowindex=\"1\" aria-colindex=\"8\">Tempo di attivit\u00e0:<\/div><div class=\"de-cell\" role=\"cell\" aria-colindex=\"2\" aria-rowindex=\"8\" aria-label=\" \">\n                        Fino a 100 ore\n                        \n                     <\/div><\/div><div class=\"de-col-wrapper\" role=\"rowgroup\"><div class=\"de-row-header\" role=\"rowheader\" aria-rowindex=\"1\" aria-colindex=\"9\">Calorie bruciate:<\/div><div class=\"de-cell\" role=\"cell\" aria-colindex=\"2\" aria-rowindex=\"9\" aria-label=\" \">\n                        Massimo 9999,9kcal\n                        \n                     <\/div><\/div><div class=\"de-col-wrapper\" role=\"rowgroup\"><div class=\"de-row-header\" role=\"rowheader\" aria-rowindex=\"1\" aria-colindex=\"10\">Temperatura di esercizio:<\/div><div class=\"de-cell\" role=\"cell\" aria-colindex=\"2\" aria-rowindex=\"10\" aria-label=\" \">\n                        Da -10 a + 52 \u00b0C\n                        \n                     <\/div><\/div>\n\n\n<\/div><h3 class=\"bde-heading-68-110 bde-heading\">\nRisoluzione dei problemi\n<\/h3><div class=\"bde-rich-text-68-109 bde-rich-text breakdance-rich-text-styles\">\n<p class=\"p1\"><b>L'anello non pu\u00f2 essere accoppiato <\/b><b><\/b><\/p><ol class=\"ol1\"><li class=\"li2\">L'anello deve essere stato addebitato in anticipo.<\/li><li class=\"li1\"><b>Bluetooth <\/b>deve essere attivato sul telefono cellulare.<\/li><li class=\"li1\">Controllare il <b>Autorizzazioni <\/b>nelle impostazioni dell'applicazione. NEXTring richiede un gran numero di autorizzazioni!<\/li><li class=\"li1\">Riavviare l'applicazione e provare a collegare l'anello.<\/li><li class=\"li1\">Se il problema persiste, spegnere il <b>Modalit\u00e0 di volo <\/b>e di accoppiare di nuovo.<\/li><\/ol><p class=\"p1\"><b>L'anello non misura i dati <\/b><b><\/b><\/p><p class=\"p1\">Disaccoppiare l'anello e accoppiarlo di nuovo.<\/p><p class=\"p1\"><b>La batteria dell'anello si scarica troppo rapidamente <\/b><b><\/b><\/p><ol class=\"ol1\"><li class=\"li4\">Caricare l'anello per almeno tre ore e verificare se l'anello lampeggia durante il processo di ricarica.<\/li><li class=\"li1\">Sostituire il cavo e\/o la spina.<\/li><\/ol><p class=\"p1\"><b>Il problema non \u00e8 stato risolto? <\/b><b><\/b><\/p><p class=\"p1\">Si prega di controllare le domande generali nella APP e sul nostro sito web.<\/p>\n<\/div><h3 class=\"bde-heading-68-108 bde-heading\">\nIstruzioni di sicurezza\n<\/h3><div class=\"bde-rich-text-68-106 bde-rich-text breakdance-rich-text-styles\">\n<p class=\"p1\">La mancata osservanza di queste istruzioni pu\u00f2 provocare incendi, scosse elettriche, lesioni o danni all'anello o ad altri oggetti. Prima di utilizzare l'anello, leggere tutte le informazioni sulla sicurezza riportate di seguito.<\/p><h4 class=\"p1\">Non \u00e8 un dispositivo medico <b><\/b><\/h4><p class=\"p1\">Questo anello non \u00e8 un dispositivo medico e non deve essere utilizzato come sostituto di un giudizio medico professionale. Non \u00e8 progettato o destinato alla diagnosi di malattie o altre condizioni o alla cura, all'attenuazione, al trattamento o alla prevenzione di qualsiasi condizione o malattia. Si prega di consultare il proprio medico prima di prendere qualsiasi decisione riguardante la propria salute.<\/p><p class=\"p1\">Se l'anello ha un <b>reazione allergica <\/b>In caso di reazione anafilattica, rimuovere immediatamente l'anello. Nel raro caso di una reazione anafilattica, consultare immediatamente un medico.<\/p><h4 class=\"p1\">Uso, cura e manutenzione <b><\/b><\/h4><p class=\"p1\">Le dimensioni del dito possono variare a seconda dell'ora del giorno e a volte pu\u00f2 essere difficile togliere l'anello dal dito. Se l'anello rimane incastrato: Utilizzare acqua fredda e sapone neutro per pulire il dito.<\/p><p class=\"p1\">Inumidire il dito e ruotare lentamente l'anello per rimuoverlo.<\/p><p class=\"p1\"><b>Emergenza: se non si \u00e8 in grado di rimuovere l'anello da soli <\/b><b><\/b><b>consultare immediatamente un medico. <\/b><b><\/b><\/p><p class=\"p1\">Per pulire l'anello, utilizzare un panno morbido con acqua e sapone neutro. L'anello pu\u00f2 essere indossato durante la doccia, il bagno o il nuoto.<\/p><p class=\"p2\"><b>Esclusione della garanzia per segni d'uso e danni meccanici: <\/b>Lo Smartring \u00e8 un prodotto tecnico di alta qualit\u00e0 che dura nel tempo se usato correttamente. Tuttavia, la garanzia non si estende a <b>Graffi, abrasioni o altri danni superficiali<\/b>, causate dal contatto con materiali duri o taglienti (ad esempio pietre, metalli, utensili). Queste sono considerate <b>Tracce d'uso <\/b>e non costituiscono un diritto di garanzia. Si consiglia pertanto di rimuovere l'anello durante gli allenamenti di forza, quando si lavora con forti sollecitazioni meccaniche o con materiali potenzialmente dannosi, al fine di proteggere in modo permanente la superficie e la tecnologia.<\/p><p class=\"p1\">Cercate inoltre di non indossare l'anello accanto ad altri oggetti in metallo, ceramica, pietre o diamanti. L'anello pu\u00f2 graffiarsi e pu\u00f2 anche graffiare gioielli di metallo pi\u00f9 morbido o altri oggetti.<\/p><p class=\"p1\">L'anello pu\u00f2 essere graffiato da oggetti a stretto contatto con l'anello, come le custodie dei telefoni cellulari in oro, argento, ceramica o alluminio.<\/p><p class=\"p1\">Tenere l'anello lontano dalla portata dei bambini. Questo prodotto non \u00e8 destinato a persone di et\u00e0 inferiore ai 18 anni. Rivolgersi immediatamente a un medico se si sa o si sospetta che un bambino abbia ingerito l'anello. Non esporre l'anello al calore diretto, ad esempio in un veicolo o al sole. Non forare l'anello o la sua batteria.<\/p><p class=\"p1\">Si prega di evitare di tenere in mano batterie o di lavorare su dispositivi e macchine che contengono batterie mentre si indossa l'anello. In alcuni casi, se il catodo e l'anodo di un'altra batteria toccano l'anello, c'\u00e8 il rischio di un cortocircuito simile a quello degli anelli metallici standard. Ci\u00f2 pu\u00f2 provocare una scossa potenzialmente pericolosa.<\/p><h4 class=\"p1\">Smaltimento dei rifiuti <b><\/b><\/h4><p class=\"p1\">Maneggiare con cura l'anello, il caricatore e la batteria e smaltirli correttamente. Non smaltire mai la batteria o il dispositivo nel fuoco. Osservare le norme locali per lo smaltimento di batterie o dispositivi usati. Il Parlamento europeo e il Consiglio dell'Unione europea hanno adottato la direttiva RAEE. L'obiettivo della direttiva \u00e8 quello di evitare i rifiuti elettrici ed elettronici e di ridurre al minimo i costi di smaltimento.<\/p><p class=\"p1\">riutilizzo, riciclaggio e altre forme di recupero di tali rifiuti. La direttiva interessa quindi produttori, rivenditori e consumatori. La direttiva RAEE richiede che sia i produttori che gli utenti finali smaltiscano le apparecchiature e i componenti elettrici ed elettronici in modo ecologico e che le apparecchiature o i rifiuti siano riutilizzati, separati o recuperati per il recupero di energia. Le apparecchiature e i componenti elettrici ed elettronici non possono essere smaltiti insieme ai normali rifiuti domestici, ma devono essere raccolti e smaltiti separatamente. I prodotti e i dispositivi che devono essere raccolti per il riutilizzo, il riciclaggio o altre forme di recupero sono etichettati con il simbolo indicato. Smaltendo le apparecchiature elettriche ed elettroniche attraverso i sistemi di raccolta disponibili nel vostro Paese, contribuite alla tutela dell'ambiente e della salute e all'uso sostenibile e ragionevole delle risorse naturali. La raccolta di apparecchiature elettriche\/elettroniche protegge l'ambiente dalle sostanze pericolose che possono essere presenti nei prodotti e nei dispositivi corrispondenti. Potete restituirci l'anello e noi lo smaltiremo.<\/p><p class=\"p1\"><b>Protezione dei dati: <\/b>Le informazioni sulla protezione dei dati sono disponibili direttamente nell'app.<\/p>\n<\/div><h3 class=\"bde-heading-68-105 bde-heading\">\nDichiarazione di conformit\u00e0 UE\n<\/h3><div class=\"bde-rich-text-68-104 bde-rich-text breakdance-rich-text-styles\">\n<p class=\"p1\">ilogs smartwear GmbH dichiara che il prodotto My Nextring soddisfa i requisiti essenziali e tutte le disposizioni pertinenti della Direttiva 2014\/53\/UE. Una copia della dichiarazione di conformit\u00e0 pu\u00f2 essere scaricata dal seguente link.<\/p>\n<\/div><div class=\"bde-icon-list-68-102 bde-icon-list\">\n<ul>\n  \n              \n    <li>\n                      \n            \n            \n\n    \n    \n    \n    \n    \n    <a class=\"breakdance-link bde-icon-list__item-wrapper\" href=\"mynextring.com\/download\/coc\/mynextring.pdf\" target=\"_self\" data-type=\"url\"  >\n\n      \n      <span class='bde-icon-list__icon'>\n        <svg xmlns=\"http:\/\/www.w3.org\/2000\/svg\" id=\"icon-file-pdf\" viewbox=\"0 0 32 32\">\n<path d=\"M26.313 18.421c-0.427-0.42-1.372-0.643-2.812-0.662-0.974-0.011-2.147 0.075-3.38 0.248-0.552-0.319-1.122-0.665-1.568-1.083-1.202-1.122-2.205-2.68-2.831-4.394 0.041-0.16 0.075-0.301 0.108-0.444 0 0 0.677-3.846 0.498-5.146-0.025-0.178-0.040-0.23-0.088-0.369l-0.059-0.151c-0.184-0.425-0.545-0.875-1.111-0.85l-0.341-0.011c-0.631 0-1.146 0.323-1.281 0.805-0.411 1.514 0.013 3.778 0.781 6.711l-0.197 0.478c-0.55 1.34-1.238 2.689-1.846 3.88l-0.079 0.155c-0.639 1.251-1.22 2.313-1.745 3.213l-0.543 0.287c-0.040 0.021-0.97 0.513-1.188 0.645-1.852 1.106-3.079 2.361-3.282 3.357-0.065 0.318-0.017 0.725 0.313 0.913l0.525 0.264c0.228 0.114 0.468 0.172 0.714 0.172 1.319 0 2.85-1.643 4.959-5.324 2.435-0.793 5.208-1.452 7.638-1.815 1.852 1.043 4.129 1.767 5.567 1.767 0.255 0 0.475-0.024 0.654-0.072 0.276-0.073 0.508-0.23 0.65-0.444 0.279-0.42 0.335-0.998 0.26-1.59-0.023-0.176-0.163-0.393-0.315-0.541zM6.614 25.439c0.241-0.658 1.192-1.958 2.6-3.111 0.088-0.072 0.306-0.276 0.506-0.466-1.472 2.348-2.458 3.283-3.106 3.577zM14.951 6.24c0.424 0 0.665 1.069 0.685 2.070s-0.214 1.705-0.505 2.225c-0.241-0.77-0.357-1.984-0.357-2.778 0 0-0.018-1.517 0.177-1.517v0zM12.464 19.922c0.295-0.529 0.603-1.086 0.917-1.677 0.765-1.447 1.249-2.58 1.609-3.511 0.716 1.303 1.608 2.41 2.656 3.297 0.131 0.111 0.269 0.222 0.415 0.333-2.132 0.422-3.974 0.935-5.596 1.558v0zM25.903 19.802c-0.13 0.081-0.502 0.128-0.741 0.128-0.772 0-1.727-0.353-3.066-0.927 0.515-0.038 0.986-0.057 1.409-0.057 0.774 0 1.004-0.003 1.761 0.19s0.767 0.585 0.637 0.667v0z\"\/>\n<path d=\"M28.681 7.159c-0.694-0.947-1.662-2.053-2.724-3.116s-2.169-2.030-3.116-2.724c-1.612-1.182-2.393-1.319-2.841-1.319h-15.5c-1.378 0-2.5 1.121-2.5 2.5v27c0 1.378 1.121 2.5 2.5 2.5h23c1.378 0 2.5-1.122 2.5-2.5v-19.5c0-0.448-0.137-1.23-1.319-2.841v0zM24.543 5.457c0.959 0.959 1.712 1.825 2.268 2.543h-4.811v-4.811c0.718 0.556 1.584 1.309 2.543 2.268v0zM28 29.5c0 0.271-0.229 0.5-0.5 0.5h-23c-0.271 0-0.5-0.229-0.5-0.5v-27c0-0.271 0.229-0.5 0.5-0.5 0 0 15.499-0 15.5 0v7c0 0.552 0.448 1 1 1h7v19.5z\"\/>\n<\/svg>\n      <\/span>\n      <span class='bde-icon-list__text' >\n      Dichiarazione di conformit\u00e0 COC (tedesco)\n      <\/span>\n                  <\/a>\n\n      \n    <\/li>\n\n  \n              \n    <li>\n                      \n            \n            \n\n    \n    \n    \n    \n    \n    <a class=\"breakdance-link bde-icon-list__item-wrapper\" href=\"mynextring.com\/download\/coc\/mynextringe.pdfn\" target=\"_self\" data-type=\"url\"  >\n\n      \n      <span class='bde-icon-list__icon'>\n        <svg xmlns=\"http:\/\/www.w3.org\/2000\/svg\" id=\"icon-file-pdf\" viewbox=\"0 0 32 32\">\n<path d=\"M26.313 18.421c-0.427-0.42-1.372-0.643-2.812-0.662-0.974-0.011-2.147 0.075-3.38 0.248-0.552-0.319-1.122-0.665-1.568-1.083-1.202-1.122-2.205-2.68-2.831-4.394 0.041-0.16 0.075-0.301 0.108-0.444 0 0 0.677-3.846 0.498-5.146-0.025-0.178-0.040-0.23-0.088-0.369l-0.059-0.151c-0.184-0.425-0.545-0.875-1.111-0.85l-0.341-0.011c-0.631 0-1.146 0.323-1.281 0.805-0.411 1.514 0.013 3.778 0.781 6.711l-0.197 0.478c-0.55 1.34-1.238 2.689-1.846 3.88l-0.079 0.155c-0.639 1.251-1.22 2.313-1.745 3.213l-0.543 0.287c-0.040 0.021-0.97 0.513-1.188 0.645-1.852 1.106-3.079 2.361-3.282 3.357-0.065 0.318-0.017 0.725 0.313 0.913l0.525 0.264c0.228 0.114 0.468 0.172 0.714 0.172 1.319 0 2.85-1.643 4.959-5.324 2.435-0.793 5.208-1.452 7.638-1.815 1.852 1.043 4.129 1.767 5.567 1.767 0.255 0 0.475-0.024 0.654-0.072 0.276-0.073 0.508-0.23 0.65-0.444 0.279-0.42 0.335-0.998 0.26-1.59-0.023-0.176-0.163-0.393-0.315-0.541zM6.614 25.439c0.241-0.658 1.192-1.958 2.6-3.111 0.088-0.072 0.306-0.276 0.506-0.466-1.472 2.348-2.458 3.283-3.106 3.577zM14.951 6.24c0.424 0 0.665 1.069 0.685 2.070s-0.214 1.705-0.505 2.225c-0.241-0.77-0.357-1.984-0.357-2.778 0 0-0.018-1.517 0.177-1.517v0zM12.464 19.922c0.295-0.529 0.603-1.086 0.917-1.677 0.765-1.447 1.249-2.58 1.609-3.511 0.716 1.303 1.608 2.41 2.656 3.297 0.131 0.111 0.269 0.222 0.415 0.333-2.132 0.422-3.974 0.935-5.596 1.558v0zM25.903 19.802c-0.13 0.081-0.502 0.128-0.741 0.128-0.772 0-1.727-0.353-3.066-0.927 0.515-0.038 0.986-0.057 1.409-0.057 0.774 0 1.004-0.003 1.761 0.19s0.767 0.585 0.637 0.667v0z\"\/>\n<path d=\"M28.681 7.159c-0.694-0.947-1.662-2.053-2.724-3.116s-2.169-2.030-3.116-2.724c-1.612-1.182-2.393-1.319-2.841-1.319h-15.5c-1.378 0-2.5 1.121-2.5 2.5v27c0 1.378 1.121 2.5 2.5 2.5h23c1.378 0 2.5-1.122 2.5-2.5v-19.5c0-0.448-0.137-1.23-1.319-2.841v0zM24.543 5.457c0.959 0.959 1.712 1.825 2.268 2.543h-4.811v-4.811c0.718 0.556 1.584 1.309 2.543 2.268v0zM28 29.5c0 0.271-0.229 0.5-0.5 0.5h-23c-0.271 0-0.5-0.229-0.5-0.5v-27c0-0.271 0.229-0.5 0.5-0.5 0 0 15.499-0 15.5 0v7c0 0.552 0.448 1 1 1h7v19.5z\"\/>\n<\/svg>\n      <\/span>\n      <span class='bde-icon-list__text' >\n      Dichiarazione di conformit\u00e0 COC (inglese)\n      <\/span>\n                  <\/a>\n\n      \n    <\/li>\n\n  <\/ul>\n\n<\/div><\/div>\n<\/section>","protected":false},"excerpt":{"rendered":"<p>Bedienungsanleitung Lieferumfang Smart Ring &#8222;MY nextRING&#8220;Wireless-Ladecase (Lade-Etui)Type-C LadekabelBedienungsanleitung\u00a0 Download der MY nextRING App Scanne den QR-Code oder suchen Sie im Google Play oder im iOS App Store nach der App MYnextRING.Installieren Sie anschlie\u00dfend die App.\u00a0\u00a0 MYnextRing mit Smartphone koppeln Um deinen Ring mit dem Smartphone zu verbinden, muss dieser erst \u201eaufwachen\u201c.Legen Sie dazu deinen Ring [&hellip;]<\/p>","protected":false},"author":1,"featured_media":0,"parent":0,"menu_order":0,"comment_status":"closed","ping_status":"closed","template":"","meta":{"_breakdance_hide_in_design_set":false,"_breakdance_tags":"","footnotes":""},"class_list":["post-68","page","type-page","status-publish","hentry"],"_links":{"self":[{"href":"https:\/\/help.mynextring.com\/it\/wp-json\/wp\/v2\/pages\/68","targetHints":{"allow":["GET"]}}],"collection":[{"href":"https:\/\/help.mynextring.com\/it\/wp-json\/wp\/v2\/pages"}],"about":[{"href":"https:\/\/help.mynextring.com\/it\/wp-json\/wp\/v2\/types\/page"}],"author":[{"embeddable":true,"href":"https:\/\/help.mynextring.com\/it\/wp-json\/wp\/v2\/users\/1"}],"replies":[{"embeddable":true,"href":"https:\/\/help.mynextring.com\/it\/wp-json\/wp\/v2\/comments?post=68"}],"version-history":[{"count":13,"href":"https:\/\/help.mynextring.com\/it\/wp-json\/wp\/v2\/pages\/68\/revisions"}],"predecessor-version":[{"id":99,"href":"https:\/\/help.mynextring.com\/it\/wp-json\/wp\/v2\/pages\/68\/revisions\/99"}],"wp:attachment":[{"href":"https:\/\/help.mynextring.com\/it\/wp-json\/wp\/v2\/media?parent=68"}],"curies":[{"name":"wp","href":"https:\/\/api.w.org\/{rel}","templated":true}]}}