{"id":68,"date":"2025-07-21T11:36:04","date_gmt":"2025-07-21T11:36:04","guid":{"rendered":"https:\/\/help.mynextring.com\/?page_id=68"},"modified":"2025-07-22T09:56:16","modified_gmt":"2025-07-22T09:56:16","slug":"handbuch","status":"publish","type":"page","link":"https:\/\/help.mynextring.com\/fr\/handbuch\/","title":{"rendered":"Benutzerhandbuch"},"content":{"rendered":"<section class=\"bde-section-68-100 bde-section\">\n  \n  \n\t\n\n\n\n<div class=\"section-container\"><h1 class=\"bde-heading-68-101 bde-heading\">\nMode d'emploi\n<\/h1><h3 class=\"bde-heading-68-103 bde-heading\">\nContenu de la livraison\n<\/h3><div class=\"bde-rich-text-68-121 bde-rich-text breakdance-rich-text-styles\">\n<ol><li class=\"p1\"><h5>Smart Ring \"MY nextRING\" (bague intelligente)\"<\/h5><\/li><li class=\"p1\"><h5>\u00c9tui de chargement sans fil (\u00e9tui de chargement)<\/h5><\/li><li class=\"p1\"><h5>C\u00e2ble de recharge Type-C<\/h5><\/li><li class=\"p2\"><h5>Mode d'emploi<\/h5><\/li><\/ol><p>\u00a0<\/p>\n<\/div><h3 class=\"bde-heading-68-120 bde-heading\">\nT\u00e9l\u00e9charger l'application MY nextRING\n<\/h3><div class=\"bde-rich-text-68-119 bde-rich-text breakdance-rich-text-styles\">\n<ol><li class=\"p2\">Scanne le code QR ou cherche l'application dans Google Play ou iOS App Store <b>MYnextRING<\/b>.<\/li><li class=\"p3\">Installez ensuite l'application.<\/li><\/ol><p>\u00a0<\/p><p>\u00a0<\/p>\n<\/div><h3 class=\"bde-heading-68-118 bde-heading\">\nCoupler MYnextRing avec un smartphone\n<\/h3><div class=\"bde-rich-text-68-117 bde-rich-text breakdance-rich-text-styles\">\n<p class=\"p1\">Pour connecter ta bague \u00e0 ton smartphone, celle-ci doit d'abord se \u201er\u00e9veiller\u201c.<\/p><p class=\"p1\">Pour ce faire, place ta bague dans l'\u00e9tui de chargement sans exercer de pression et charge-la pendant au moins 30 minutes dans l'\u00e9tui. Connecte l'\u00e9tui \u00e0 une source de courant. La bague clignote dans l'\u00e9tui de chargement !<\/p><p class=\"p1\">Tu peux maintenant utiliser la bague avec MYnextRING<i>\u00a0<\/i>Connecter l'application.<\/p><p class=\"p1\">Dans l'APP, passe \u00e0 la rubrique PROFIL. C'est l\u00e0 que tu peux coupler la bague.<\/p><p class=\"p1\">Le Bluetooth doit \u00eatre activ\u00e9 ! La bague prend en charge le Bluetooth \u00e0 partir de la version 5.0.<\/p>\n<\/div><h3 class=\"bde-heading-68-116 bde-heading\">\nPorter correctement l'anneau\n<\/h3><div class=\"bde-rich-text-68-115 bde-rich-text breakdance-rich-text-styles\">\n<p class=\"p1\">Pour des performances et une pr\u00e9cision optimales, nous recommandons de porter l'anneau \u00e0 l'index de la main non dominante. Si vous pr\u00e9f\u00e9rez un autre doigt, le majeur et l'annulaire conviennent \u00e9galement. \u00c9vitez toutefois les doigts dont la base est plus \u00e9troite que l'articulation.<\/p><p class=\"p1\">Le capteur de la bague doit se trouver \u00e0 l'int\u00e9rieur du doigt. La bague doit \u00eatre plac\u00e9e de mani\u00e8re s\u00fbre et confortable \u00e0 la base du doigt.<\/p>\n<\/div><h3 class=\"bde-heading-68-114 bde-heading\">\nR\u00e9glages de l'appareil\n<\/h3><div class=\"bde-rich-text-68-113 bde-rich-text breakdance-rich-text-styles\">\n<h5 class=\"p1\">D\u00e9finition de l'intervalle de mesure<\/h5><p class=\"p1\">Vous pouvez d\u00e9finir ici les intervalles de mesure. Par exemple, prendre le pouls toutes les 15 minutes.<\/p><h5 class=\"p1\">R\u00e9glage des unit\u00e9s<\/h5><p class=\"p1\">Vous r\u00e9glez ici les unit\u00e9s pour diverses valeurs.<\/p><h5 class=\"p1\">Objectif<\/h5><p class=\"p1\">Personnalisez ici vos objectifs de pas, de distance, de calories et d'heures de sommeil par jour.<\/p><h5 class=\"p1\">Mise \u00e0 jour du firmware (OTA)<\/h5><p class=\"p1\">Il est possible d'actualiser aussi bien le logiciel\/firmware de l'anneau (par ex. V0.6.7.0) que l'APP si n\u00e9cessaire. Le nouveau micrologiciel de l'anneau est affich\u00e9 \u00e0 c\u00f4t\u00e9 du symbole de l'anneau. Vous trouverez l'APP dans la section \u201e<i>Rechercher une mise \u00e0 jour<\/i>\u201c.<\/p>\n<\/div><h3 class=\"bde-heading-68-112 bde-heading\">\nConsignes de s\u00e9curit\u00e9\n<\/h3><div class=\"de-advanced-table-68-111 de-advanced-table\" role=\"table\" table-id=\"100\" data-acc=\"true\">\n<div class=\"de-col-wrapper\" role=\"rowgroup\"><div class=\"de-row-header\" role=\"rowheader\" aria-rowindex=\"1\" aria-colindex=\"1\">Garantie &amp;<br> Exclusion de garantie :<\/div><div class=\"de-cell\" role=\"cell\" aria-colindex=\"2\" aria-rowindex=\"1\" aria-label=\" \">\n                        12 mois ; \u00e0 l'exception des traces d'utilisation et des dommages m\u00e9caniques dus \u00e0 une utilisation non conforme.\n                        \n                     <\/div><\/div><div class=\"de-col-wrapper\" role=\"rowgroup\"><div class=\"de-row-header\" role=\"rowheader\" aria-rowindex=\"1\" aria-colindex=\"2\">Version BT :<\/div><div class=\"de-cell\" role=\"cell\" aria-colindex=\"2\" aria-rowindex=\"2\" aria-label=\" \">\n                        BLE 5.0\n                        \n                     <\/div><\/div><div class=\"de-col-wrapper\" role=\"rowgroup\"><div class=\"de-row-header\" role=\"rowheader\" aria-rowindex=\"1\" aria-colindex=\"3\">Port\u00e9e de la BT :<\/div><div class=\"de-cell\" role=\"cell\" aria-colindex=\"2\" aria-rowindex=\"3\" aria-label=\" \">\n                        2 m\u00e8tres\n                        \n                     <\/div><\/div><div class=\"de-col-wrapper\" role=\"rowgroup\"><div class=\"de-row-header\" role=\"rowheader\" aria-rowindex=\"1\" aria-colindex=\"4\">Batterie rechargeable :<\/div><div class=\"de-cell\" role=\"cell\" aria-colindex=\"2\" aria-rowindex=\"4\" aria-label=\" \">\n                        Rechargeable, en fonction de la charge. 14,5 mAh - 21,5 mAh\n                        \n                     <\/div><\/div><div class=\"de-col-wrapper\" role=\"rowgroup\"><div class=\"de-row-header\" role=\"rowheader\" aria-rowindex=\"1\" aria-colindex=\"5\">Autonomie de la batterie :<\/div><div class=\"de-cell\" role=\"cell\" aria-colindex=\"2\" aria-rowindex=\"5\" aria-label=\" \">\n                        Jusqu'\u00e0 10 jours\n                        \n                     <\/div><\/div><div class=\"de-col-wrapper\" role=\"rowgroup\"><div class=\"de-row-header\" role=\"rowheader\" aria-rowindex=\"1\" aria-colindex=\"6\">Stockage des donn\u00e9es :<\/div><div class=\"de-cell\" role=\"cell\" aria-colindex=\"2\" aria-rowindex=\"6\" aria-label=\" \">\n                        15 jours\n                        \n                     <\/div><\/div><div class=\"de-col-wrapper\" role=\"rowgroup\"><div class=\"de-row-header\" role=\"rowheader\" aria-rowindex=\"1\" aria-colindex=\"7\">Imperm\u00e9able \u00e0 l'eau :<\/div><div class=\"de-cell\" role=\"cell\" aria-colindex=\"2\" aria-rowindex=\"7\" aria-label=\" \">\n                        Jusqu'\u00e0 50 m\u00e8tres\n                        \n                     <\/div><\/div><div class=\"de-col-wrapper\" role=\"rowgroup\"><div class=\"de-row-header\" role=\"rowheader\" aria-rowindex=\"1\" aria-colindex=\"8\">Temps d'activit\u00e9 :<\/div><div class=\"de-cell\" role=\"cell\" aria-colindex=\"2\" aria-rowindex=\"8\" aria-label=\" \">\n                        Jusqu'\u00e0 100 heures\n                        \n                     <\/div><\/div><div class=\"de-col-wrapper\" role=\"rowgroup\"><div class=\"de-row-header\" role=\"rowheader\" aria-rowindex=\"1\" aria-colindex=\"9\">Calories br\u00fbl\u00e9es :<\/div><div class=\"de-cell\" role=\"cell\" aria-colindex=\"2\" aria-rowindex=\"9\" aria-label=\" \">\n                        Max 9999.9kcal\n                        \n                     <\/div><\/div><div class=\"de-col-wrapper\" role=\"rowgroup\"><div class=\"de-row-header\" role=\"rowheader\" aria-rowindex=\"1\" aria-colindex=\"10\">Temp\u00e9rature de fonctionnement :<\/div><div class=\"de-cell\" role=\"cell\" aria-colindex=\"2\" aria-rowindex=\"10\" aria-label=\" \">\n                        de -10 \u00e0 + 52 \u00b0C\n                        \n                     <\/div><\/div>\n\n\n<\/div><h3 class=\"bde-heading-68-110 bde-heading\">\nD\u00e9pannage\n<\/h3><div class=\"bde-rich-text-68-109 bde-rich-text breakdance-rich-text-styles\">\n<p class=\"p1\"><b>La bague ne peut pas \u00eatre coupl\u00e9e <\/b><b><\/b><\/p><ol class=\"ol1\"><li class=\"li2\">La bague doit avoir \u00e9t\u00e9 charg\u00e9e au pr\u00e9alable.<\/li><li class=\"li1\"><b>Bluetooth <\/b>doit \u00eatre activ\u00e9 sur le t\u00e9l\u00e9phone portable.<\/li><li class=\"li1\">V\u00e9rifier les <b>Autorisations <\/b>dans les param\u00e8tres de l'application. NEXTring n\u00e9cessite un grand nombre d'autorisations !<\/li><li class=\"li1\">Red\u00e9marrez l'application et essayez de connecter l'anneau.<\/li><li class=\"li1\">Si vous rencontrez toujours des probl\u00e8mes, \u00e9teignez le <b>Mode avion <\/b>allumer et \u00e9teindre, puis coupler \u00e0 nouveau.<\/li><\/ol><p class=\"p1\"><b>L'anneau ne mesure pas les donn\u00e9es <\/b><b><\/b><\/p><p class=\"p1\">D\u00e9couplez l'anneau et recouplez-le \u00e0 nouveau.<\/p><p class=\"p1\"><b>La pile annulaire se d\u00e9charge trop rapidement <\/b><b><\/b><\/p><ol class=\"ol1\"><li class=\"li4\">Chargez la bague pendant au moins trois heures et v\u00e9rifiez si la bague clignote pendant le chargement.<\/li><li class=\"li1\">Changez le c\u00e2ble et\/ou la prise.<\/li><\/ol><p class=\"p1\"><b>Probl\u00e8me non r\u00e9solu ? <\/b><b><\/b><\/p><p class=\"p1\">Veuillez v\u00e9rifier les questions g\u00e9n\u00e9rales dans l'APP ainsi que sur notre site web.<\/p>\n<\/div><h3 class=\"bde-heading-68-108 bde-heading\">\nConsignes de s\u00e9curit\u00e9\n<\/h3><div class=\"bde-rich-text-68-106 bde-rich-text breakdance-rich-text-styles\">\n<p class=\"p1\">Le non-respect de ces consignes peut entra\u00eener un incendie, une \u00e9lectrocution, des blessures ou des dommages \u00e0 l'anneau ou \u00e0 d'autres objets. Lisez toutes les informations relatives \u00e0 la s\u00e9curit\u00e9 ci-dessous avant d'utiliser l'anneau.<\/p><h4 class=\"p1\">Pas de dispositif m\u00e9dical <b><\/b><\/h4><p class=\"p1\">Cet anneau n'est pas un produit m\u00e9dical et ne doit pas \u00eatre utilis\u00e9 comme substitut \u00e0 une \u00e9valuation m\u00e9dicale professionnelle. Il n'est pas con\u00e7u ou pr\u00e9vu pour diagnostiquer une maladie ou un autre \u00e9tat, ni pour gu\u00e9rir, soulager, traiter ou pr\u00e9venir un \u00e9tat ou une maladie. Veuillez consulter votre m\u00e9decin avant de prendre des d\u00e9cisions concernant votre sant\u00e9.<\/p><p class=\"p1\">Si l'anneau doit avoir une <b>r\u00e9action allergique <\/b>retirez imm\u00e9diatement l'anneau. Dans le cas rare d'une r\u00e9action anaphylactique, consultez imm\u00e9diatement un m\u00e9decin.<\/p><h4 class=\"p1\">Utilisation, entretien et maintenance <b><\/b><\/h4><p class=\"p1\">La taille de votre doigt peut varier en fonction du moment de la journ\u00e9e et il peut parfois \u00eatre difficile de retirer la bague de votre doigt. Si la bague reste coinc\u00e9e : Utilisez de l'eau froide et du savon doux pour nettoyer votre bague.<\/p><p class=\"p1\">doigt pour l'humidifier et tourner lentement l'anneau pour le retirer.<\/p><p class=\"p1\"><b>Urgence : si vous ne pouvez pas retirer la bague vous-m\u00eame <\/b><b><\/b><b>Si vous ne parvenez pas \u00e0 vous en d\u00e9barrasser, consultez imm\u00e9diatement un m\u00e9decin. <\/b><b><\/b><\/p><p class=\"p1\">Utilisez un chiffon doux avec du savon doux et de l'eau pour nettoyer la bague. Votre bague peut \u00eatre port\u00e9e sous la douche, dans le bain ou \u00e0 la piscine.<\/p><p class=\"p2\"><b>Exclusion de la garantie en cas de traces d'utilisation et de dommages m\u00e9caniques : <\/b>Le Smartring est un produit technique de haute qualit\u00e9 qui a une longue dur\u00e9e de vie s'il est utilis\u00e9 correctement. La garantie ne couvre toutefois pas <b>\u00e9raflures, abrasions ou autres dommages superficiels<\/b>, les dommages caus\u00e9s par le contact avec des mat\u00e9riaux durs ou tranchants (par ex. pierres, m\u00e9taux, outils). Ceux-ci sont consid\u00e9r\u00e9s comme <b>Traces d'utilisation <\/b>et ne constituent pas un cas de garantie. Nous recommandons donc de retirer l'anneau lors d'exercices de musculation, de travaux impliquant une forte sollicitation m\u00e9canique ou des mat\u00e9riaux potentiellement nocifs, afin de prot\u00e9ger durablement la surface et la technique.<\/p><p class=\"p1\">Essayez \u00e9galement de ne pas porter la bague \u00e0 c\u00f4t\u00e9 d'autres objets en m\u00e9tal, c\u00e9ramique, pierres ou diamants. La bague peut se rayer et endommager m\u00eame les bijoux en m\u00e9tal plus doux ou d'autres objets.<\/p><p class=\"p1\">Les objets en contact \u00e9troit avec la bague, tels que les \u00e9tuis de t\u00e9l\u00e9phone portable en or, argent, c\u00e9ramique ou aluminium, peuvent se rayer.<\/p><p class=\"p1\">Gardez l'anneau hors de port\u00e9e des enfants. Ce produit n'est pas destin\u00e9 aux personnes de moins de 18 ans. Consultez imm\u00e9diatement un m\u00e9decin si vous savez ou soup\u00e7onnez qu'un enfant a aval\u00e9 l'anneau. N'exposez pas l'anneau \u00e0 la chaleur directe, par exemple dans un v\u00e9hicule ou au soleil. Ne percez pas la bague ni sa pile.<\/p><p class=\"p1\">Veuillez \u00e9viter de tenir des piles ou de travailler sur des appareils ou des machines contenant des piles lorsque vous portez votre bague. Dans certains cas, lorsque la cathode et l'anode d'une autre pile touchent toutes deux la bague, il y a un risque de court-circuit similaire aux bagues m\u00e9talliques standard. Cela peut entra\u00eener un choc potentiellement dangereux.<\/p><h4 class=\"p1\">\u00c9limination des d\u00e9chets <b><\/b><\/h4><p class=\"p1\">Manipulez l'anneau, le chargeur et la batterie avec pr\u00e9caution et mettez-les au rebut de mani\u00e8re appropri\u00e9e. Ne jetez jamais la batterie ou l'appareil au feu. Respectez les r\u00e9glementations locales lors de l'\u00e9limination des batteries ou appareils usag\u00e9s. Le Parlement europ\u00e9en et le Conseil de l'Union europ\u00e9enne ont adopt\u00e9 la directive DEEE de l'UE. L'objectif de cette directive est de pr\u00e9venir les d\u00e9chets \u00e9lectriques et \u00e9lectroniques et de<\/p><p class=\"p1\">d'encourager la r\u00e9utilisation, le recyclage et d'autres formes de valorisation de ces d\u00e9chets. La directive concerne donc les producteurs, les d\u00e9taillants et les consommateurs. La directive DEEE exige qu'aussi bien les producteurs que les consommateurs finaux \u00e9liminent les \u00e9quipements et composants \u00e9lectriques et \u00e9lectroniques d'une mani\u00e8re respectueuse de l'environnement et que les \u00e9quipements ou d\u00e9chets soient r\u00e9utilis\u00e9s, s\u00e9par\u00e9s ou valoris\u00e9s en vue d'une r\u00e9cup\u00e9ration d'\u00e9nergie. Les \u00e9quipements et composants \u00e9lectriques et \u00e9lectroniques ne doivent pas \u00eatre jet\u00e9s avec les d\u00e9chets m\u00e9nagers ordinaires, mais doivent \u00eatre collect\u00e9s et \u00e9limin\u00e9s s\u00e9par\u00e9ment. Les produits et \u00e9quipements qui doivent \u00eatre collect\u00e9s en vue de leur r\u00e9utilisation, de leur recyclage ou d'autres formes de valorisation sont marqu\u00e9s du symbole illustr\u00e9. En \u00e9liminant les \u00e9quipements \u00e9lectriques et \u00e9lectroniques par le biais des syst\u00e8mes de collecte disponibles dans votre pays, vous contribuez \u00e0 la protection de l'environnement et de la sant\u00e9 et \u00e0 une utilisation durable et judicieuse des ressources naturelles. La collecte des appareils \u00e9lectriques\/\u00e9lectroniques prot\u00e8ge l'environnement contre les substances dangereuses qui peuvent \u00eatre pr\u00e9sentes dans les produits et appareils concern\u00e9s. Vous pouvez nous renvoyer la bague et nous l'\u00e9liminerons.<\/p><p class=\"p1\"><b>Protection des donn\u00e9es : <\/b>Vous trouverez les informations sur la protection des donn\u00e9es directement dans l'APP.<\/p>\n<\/div><h3 class=\"bde-heading-68-105 bde-heading\">\nD\u00e9claration de conformit\u00e9 UE\n<\/h3><div class=\"bde-rich-text-68-104 bde-rich-text breakdance-rich-text-styles\">\n<p class=\"p1\">La soci\u00e9t\u00e9 ilogs smartwear GmbH d\u00e9clare que le produit My Nextring est conforme aux exigences essentielles et \u00e0 toutes les dispositions pertinentes de la directive 2014\/53\/UE. Une copie de la d\u00e9claration de conformit\u00e9 peut \u00eatre t\u00e9l\u00e9charg\u00e9e en cliquant sur le lien suivant.<\/p>\n<\/div><div class=\"bde-icon-list-68-102 bde-icon-list\">\n<ul>\n  \n              \n    <li>\n                      \n            \n            \n\n    \n    \n    \n    \n    \n    <a class=\"breakdance-link bde-icon-list__item-wrapper\" href=\"mynextring.com\/download\/coc\/mynextring.pdf\" target=\"_self\" data-type=\"url\"  >\n\n      \n      <span class='bde-icon-list__icon'>\n        <svg xmlns=\"http:\/\/www.w3.org\/2000\/svg\" id=\"icon-file-pdf\" viewbox=\"0 0 32 32\">\n<path d=\"M26.313 18.421c-0.427-0.42-1.372-0.643-2.812-0.662-0.974-0.011-2.147 0.075-3.38 0.248-0.552-0.319-1.122-0.665-1.568-1.083-1.202-1.122-2.205-2.68-2.831-4.394 0.041-0.16 0.075-0.301 0.108-0.444 0 0 0.677-3.846 0.498-5.146-0.025-0.178-0.040-0.23-0.088-0.369l-0.059-0.151c-0.184-0.425-0.545-0.875-1.111-0.85l-0.341-0.011c-0.631 0-1.146 0.323-1.281 0.805-0.411 1.514 0.013 3.778 0.781 6.711l-0.197 0.478c-0.55 1.34-1.238 2.689-1.846 3.88l-0.079 0.155c-0.639 1.251-1.22 2.313-1.745 3.213l-0.543 0.287c-0.040 0.021-0.97 0.513-1.188 0.645-1.852 1.106-3.079 2.361-3.282 3.357-0.065 0.318-0.017 0.725 0.313 0.913l0.525 0.264c0.228 0.114 0.468 0.172 0.714 0.172 1.319 0 2.85-1.643 4.959-5.324 2.435-0.793 5.208-1.452 7.638-1.815 1.852 1.043 4.129 1.767 5.567 1.767 0.255 0 0.475-0.024 0.654-0.072 0.276-0.073 0.508-0.23 0.65-0.444 0.279-0.42 0.335-0.998 0.26-1.59-0.023-0.176-0.163-0.393-0.315-0.541zM6.614 25.439c0.241-0.658 1.192-1.958 2.6-3.111 0.088-0.072 0.306-0.276 0.506-0.466-1.472 2.348-2.458 3.283-3.106 3.577zM14.951 6.24c0.424 0 0.665 1.069 0.685 2.070s-0.214 1.705-0.505 2.225c-0.241-0.77-0.357-1.984-0.357-2.778 0 0-0.018-1.517 0.177-1.517v0zM12.464 19.922c0.295-0.529 0.603-1.086 0.917-1.677 0.765-1.447 1.249-2.58 1.609-3.511 0.716 1.303 1.608 2.41 2.656 3.297 0.131 0.111 0.269 0.222 0.415 0.333-2.132 0.422-3.974 0.935-5.596 1.558v0zM25.903 19.802c-0.13 0.081-0.502 0.128-0.741 0.128-0.772 0-1.727-0.353-3.066-0.927 0.515-0.038 0.986-0.057 1.409-0.057 0.774 0 1.004-0.003 1.761 0.19s0.767 0.585 0.637 0.667v0z\"\/>\n<path d=\"M28.681 7.159c-0.694-0.947-1.662-2.053-2.724-3.116s-2.169-2.030-3.116-2.724c-1.612-1.182-2.393-1.319-2.841-1.319h-15.5c-1.378 0-2.5 1.121-2.5 2.5v27c0 1.378 1.121 2.5 2.5 2.5h23c1.378 0 2.5-1.122 2.5-2.5v-19.5c0-0.448-0.137-1.23-1.319-2.841v0zM24.543 5.457c0.959 0.959 1.712 1.825 2.268 2.543h-4.811v-4.811c0.718 0.556 1.584 1.309 2.543 2.268v0zM28 29.5c0 0.271-0.229 0.5-0.5 0.5h-23c-0.271 0-0.5-0.229-0.5-0.5v-27c0-0.271 0.229-0.5 0.5-0.5 0 0 15.499-0 15.5 0v7c0 0.552 0.448 1 1 1h7v19.5z\"\/>\n<\/svg>\n      <\/span>\n      <span class='bde-icon-list__text' >\n      COC -D\u00e9claration de conformit\u00e9 (allemand)\n      <\/span>\n                  <\/a>\n\n      \n    <\/li>\n\n  \n              \n    <li>\n                      \n            \n            \n\n    \n    \n    \n    \n    \n    <a class=\"breakdance-link bde-icon-list__item-wrapper\" href=\"mynextring.com\/download\/coc\/mynextringe.pdfn\" target=\"_self\" data-type=\"url\"  >\n\n      \n      <span class='bde-icon-list__icon'>\n        <svg xmlns=\"http:\/\/www.w3.org\/2000\/svg\" id=\"icon-file-pdf\" viewbox=\"0 0 32 32\">\n<path d=\"M26.313 18.421c-0.427-0.42-1.372-0.643-2.812-0.662-0.974-0.011-2.147 0.075-3.38 0.248-0.552-0.319-1.122-0.665-1.568-1.083-1.202-1.122-2.205-2.68-2.831-4.394 0.041-0.16 0.075-0.301 0.108-0.444 0 0 0.677-3.846 0.498-5.146-0.025-0.178-0.040-0.23-0.088-0.369l-0.059-0.151c-0.184-0.425-0.545-0.875-1.111-0.85l-0.341-0.011c-0.631 0-1.146 0.323-1.281 0.805-0.411 1.514 0.013 3.778 0.781 6.711l-0.197 0.478c-0.55 1.34-1.238 2.689-1.846 3.88l-0.079 0.155c-0.639 1.251-1.22 2.313-1.745 3.213l-0.543 0.287c-0.040 0.021-0.97 0.513-1.188 0.645-1.852 1.106-3.079 2.361-3.282 3.357-0.065 0.318-0.017 0.725 0.313 0.913l0.525 0.264c0.228 0.114 0.468 0.172 0.714 0.172 1.319 0 2.85-1.643 4.959-5.324 2.435-0.793 5.208-1.452 7.638-1.815 1.852 1.043 4.129 1.767 5.567 1.767 0.255 0 0.475-0.024 0.654-0.072 0.276-0.073 0.508-0.23 0.65-0.444 0.279-0.42 0.335-0.998 0.26-1.59-0.023-0.176-0.163-0.393-0.315-0.541zM6.614 25.439c0.241-0.658 1.192-1.958 2.6-3.111 0.088-0.072 0.306-0.276 0.506-0.466-1.472 2.348-2.458 3.283-3.106 3.577zM14.951 6.24c0.424 0 0.665 1.069 0.685 2.070s-0.214 1.705-0.505 2.225c-0.241-0.77-0.357-1.984-0.357-2.778 0 0-0.018-1.517 0.177-1.517v0zM12.464 19.922c0.295-0.529 0.603-1.086 0.917-1.677 0.765-1.447 1.249-2.58 1.609-3.511 0.716 1.303 1.608 2.41 2.656 3.297 0.131 0.111 0.269 0.222 0.415 0.333-2.132 0.422-3.974 0.935-5.596 1.558v0zM25.903 19.802c-0.13 0.081-0.502 0.128-0.741 0.128-0.772 0-1.727-0.353-3.066-0.927 0.515-0.038 0.986-0.057 1.409-0.057 0.774 0 1.004-0.003 1.761 0.19s0.767 0.585 0.637 0.667v0z\"\/>\n<path d=\"M28.681 7.159c-0.694-0.947-1.662-2.053-2.724-3.116s-2.169-2.030-3.116-2.724c-1.612-1.182-2.393-1.319-2.841-1.319h-15.5c-1.378 0-2.5 1.121-2.5 2.5v27c0 1.378 1.121 2.5 2.5 2.5h23c1.378 0 2.5-1.122 2.5-2.5v-19.5c0-0.448-0.137-1.23-1.319-2.841v0zM24.543 5.457c0.959 0.959 1.712 1.825 2.268 2.543h-4.811v-4.811c0.718 0.556 1.584 1.309 2.543 2.268v0zM28 29.5c0 0.271-0.229 0.5-0.5 0.5h-23c-0.271 0-0.5-0.229-0.5-0.5v-27c0-0.271 0.229-0.5 0.5-0.5 0 0 15.499-0 15.5 0v7c0 0.552 0.448 1 1 1h7v19.5z\"\/>\n<\/svg>\n      <\/span>\n      <span class='bde-icon-list__text' >\n      COC -D\u00e9claration de conformit\u00e9 (English)\n      <\/span>\n                  <\/a>\n\n      \n    <\/li>\n\n  <\/ul>\n\n<\/div><\/div>\n<\/section>","protected":false},"excerpt":{"rendered":"<p>Bedienungsanleitung Lieferumfang Smart Ring &#8222;MY nextRING&#8220;Wireless-Ladecase (Lade-Etui)Type-C LadekabelBedienungsanleitung\u00a0 Download der MY nextRING App Scanne den QR-Code oder suchen Sie im Google Play oder im iOS App Store nach der App MYnextRING.Installieren Sie anschlie\u00dfend die App.\u00a0\u00a0 MYnextRing mit Smartphone koppeln Um deinen Ring mit dem Smartphone zu verbinden, muss dieser erst \u201eaufwachen\u201c.Legen Sie dazu deinen Ring [&hellip;]<\/p>","protected":false},"author":1,"featured_media":0,"parent":0,"menu_order":0,"comment_status":"closed","ping_status":"closed","template":"","meta":{"_breakdance_hide_in_design_set":false,"_breakdance_tags":"","footnotes":""},"class_list":["post-68","page","type-page","status-publish","hentry"],"_links":{"self":[{"href":"https:\/\/help.mynextring.com\/fr\/wp-json\/wp\/v2\/pages\/68","targetHints":{"allow":["GET"]}}],"collection":[{"href":"https:\/\/help.mynextring.com\/fr\/wp-json\/wp\/v2\/pages"}],"about":[{"href":"https:\/\/help.mynextring.com\/fr\/wp-json\/wp\/v2\/types\/page"}],"author":[{"embeddable":true,"href":"https:\/\/help.mynextring.com\/fr\/wp-json\/wp\/v2\/users\/1"}],"replies":[{"embeddable":true,"href":"https:\/\/help.mynextring.com\/fr\/wp-json\/wp\/v2\/comments?post=68"}],"version-history":[{"count":13,"href":"https:\/\/help.mynextring.com\/fr\/wp-json\/wp\/v2\/pages\/68\/revisions"}],"predecessor-version":[{"id":99,"href":"https:\/\/help.mynextring.com\/fr\/wp-json\/wp\/v2\/pages\/68\/revisions\/99"}],"wp:attachment":[{"href":"https:\/\/help.mynextring.com\/fr\/wp-json\/wp\/v2\/media?parent=68"}],"curies":[{"name":"wp","href":"https:\/\/api.w.org\/{rel}","templated":true}]}}