{"id":68,"date":"2025-07-21T11:36:04","date_gmt":"2025-07-21T11:36:04","guid":{"rendered":"https:\/\/help.mynextring.com\/?page_id=68"},"modified":"2025-07-22T09:56:16","modified_gmt":"2025-07-22T09:56:16","slug":"handbuch","status":"publish","type":"page","link":"https:\/\/help.mynextring.com\/fi\/handbuch\/","title":{"rendered":"K\u00e4ytt\u00e4j\u00e4n k\u00e4sikirja"},"content":{"rendered":"<section class=\"bde-section-68-100 bde-section\">\n  \n  \n\t\n\n\n\n<div class=\"section-container\"><h1 class=\"bde-heading-68-101 bde-heading\">\nK\u00e4ytt\u00f6ohjeet\n<\/h1><h3 class=\"bde-heading-68-103 bde-heading\">\nToimituksen laajuus\n<\/h3><div class=\"bde-rich-text-68-121 bde-rich-text breakdance-rich-text-styles\">\n<ol><li class=\"p1\"><h5>\u00c4lyk\u00e4s sormus \"MY nextRING\"<\/h5><\/li><li class=\"p1\"><h5>Langaton latauskotelo (latauskotelo)<\/h5><\/li><li class=\"p1\"><h5>C-tyypin latauskaapeli<\/h5><\/li><li class=\"p2\"><h5>K\u00e4ytt\u00f6ohjeet<\/h5><\/li><\/ol><p>\u00a0<\/p>\n<\/div><h3 class=\"bde-heading-68-120 bde-heading\">\nLataa MY nextRING-sovellus\n<\/h3><div class=\"bde-rich-text-68-119 bde-rich-text breakdance-rich-text-styles\">\n<ol><li class=\"p2\">Skannaa QR-koodi tai etsi sovellus Google Play- tai iOS App Storesta. <b>MYnextRING<\/b>.<\/li><li class=\"p3\">Asenna sitten sovellus.<\/li><\/ol><p>\u00a0<\/p><p>\u00a0<\/p>\n<\/div><h3 class=\"bde-heading-68-118 bde-heading\">\nYhdist\u00e4 MYnextRing \u00e4lypuhelimen kanssa\n<\/h3><div class=\"bde-rich-text-68-117 bde-rich-text breakdance-rich-text-styles\">\n<p class=\"p1\">Jotta sormus voidaan yhdist\u00e4\u00e4 \u00e4lypuhelimeen, sen on ensin \"her\u00e4tt\u00e4v\u00e4\".<\/p><p class=\"p1\">Aseta sormus latauskoteloon ilman painetta ja lataa sit\u00e4 kotelossa v\u00e4hint\u00e4\u00e4n 30 minuutin ajan. Kytke kotelo virtal\u00e4hteeseen. Sormus vilkkuu latauskotelossa!<\/p><p class=\"p1\">Voit nyt k\u00e4ytt\u00e4\u00e4 MYnextRINGin<i>\u00a0<\/i>Yhdist\u00e4 sovellus.<\/p><p class=\"p1\">Siirry sovelluksen PROFIILI-osioon. Siell\u00e4 voit muodostaa pariliitoksen sormuksen kanssa.<\/p><p class=\"p1\">Bluetooth on aktivoitava! Sormus tukee Bluetooth-versiota 5.0 tai uudempaa.<\/p>\n<\/div><h3 class=\"bde-heading-68-116 bde-heading\">\nSormuksen k\u00e4ytt\u00e4minen oikein\n<\/h3><div class=\"bde-rich-text-68-115 bde-rich-text breakdance-rich-text-styles\">\n<p class=\"p1\">Optimaalisen suorituskyvyn ja tarkkuuden saavuttamiseksi suosittelemme, ett\u00e4 rengas on toisen k\u00e4den etusormessa. Jos haluat k\u00e4ytt\u00e4\u00e4 eri sormea, my\u00f6s keskisormi ja rengassormi ovat sopivia. V\u00e4lt\u00e4 kuitenkin sormia, joiden tyvi on rystysest\u00e4 kapeampi.<\/p><p class=\"p1\">Sormuksen anturin tulisi sijaita sormen sis\u00e4puolella. Sormuksen tulisi istua tukevasti ja mukavasti sormen tyvess\u00e4.<\/p>\n<\/div><h3 class=\"bde-heading-68-114 bde-heading\">\nLaitteen asetukset\n<\/h3><div class=\"bde-rich-text-68-113 bde-rich-text breakdance-rich-text-styles\">\n<h5 class=\"p1\">Mittausv\u00e4lin m\u00e4\u00e4ritt\u00e4minen<\/h5><p class=\"p1\">T\u00e4ss\u00e4 voit m\u00e4\u00e4ritt\u00e4\u00e4 mittausv\u00e4lien pituudet. Mittaa esimerkiksi pulssi 15 minuutin v\u00e4lein.<\/p><h5 class=\"p1\">Yksik\u00f6n asetus<\/h5><p class=\"p1\">T\u00e4ss\u00e4 voit asettaa eri arvojen yksik\u00f6t.<\/p><h5 class=\"p1\">Tavoite<\/h5><p class=\"p1\">Henkil\u00f6kohtaiset tavoitteet askeleille, et\u00e4isyydelle, kaloreille ja unen m\u00e4\u00e4r\u00e4lle p\u00e4iv\u00e4ss\u00e4.<\/p><h5 class=\"p1\">Laiteohjelmiston p\u00e4ivitys (OTA)<\/h5><p class=\"p1\">Sek\u00e4 renkaan ohjelmisto\/firmware (esim. V0.6.7.0) ett\u00e4 APP voidaan p\u00e4ivitt\u00e4\u00e4 tarvittaessa. Uusi rengasohjelmisto n\u00e4kyy rengassymbolin vieress\u00e4. APP l\u00f6ytyy kohdasta \"<i>Hakup\u00e4ivitys<\/i>\".<\/p>\n<\/div><h3 class=\"bde-heading-68-112 bde-heading\">\nTurvallisuusohjeet\n<\/h3><div class=\"de-advanced-table-68-111 de-advanced-table\" role=\"table\" table-id=\"100\" data-acc=\"true\">\n<div class=\"de-col-wrapper\" role=\"rowgroup\"><div class=\"de-row-header\" role=\"rowheader\" aria-rowindex=\"1\" aria-colindex=\"1\">Takuu &amp;<br> Takuun poissulkeminen:<\/div><div class=\"de-cell\" role=\"cell\" aria-colindex=\"2\" aria-rowindex=\"1\" aria-label=\" \">\n                        12 kuukautta; pois lukien k\u00e4ytt\u00f6j\u00e4ljet ja v\u00e4\u00e4r\u00e4st\u00e4 k\u00e4sittelyst\u00e4 johtuvat mekaaniset vauriot.\n                        \n                     <\/div><\/div><div class=\"de-col-wrapper\" role=\"rowgroup\"><div class=\"de-row-header\" role=\"rowheader\" aria-rowindex=\"1\" aria-colindex=\"2\">BT-versio:<\/div><div class=\"de-cell\" role=\"cell\" aria-colindex=\"2\" aria-rowindex=\"2\" aria-label=\" \">\n                        BLE 5.0\n                        \n                     <\/div><\/div><div class=\"de-col-wrapper\" role=\"rowgroup\"><div class=\"de-row-header\" role=\"rowheader\" aria-rowindex=\"1\" aria-colindex=\"3\">BT-alue:<\/div><div class=\"de-cell\" role=\"cell\" aria-colindex=\"2\" aria-rowindex=\"3\" aria-label=\" \">\n                        2 metri\u00e4\n                        \n                     <\/div><\/div><div class=\"de-col-wrapper\" role=\"rowgroup\"><div class=\"de-row-header\" role=\"rowheader\" aria-rowindex=\"1\" aria-colindex=\"4\">Akku:<\/div><div class=\"de-cell\" role=\"cell\" aria-colindex=\"2\" aria-rowindex=\"4\" aria-label=\" \">\n                        Ladattava. 14,5 mAh - 21,5 mAh.\n                        \n                     <\/div><\/div><div class=\"de-col-wrapper\" role=\"rowgroup\"><div class=\"de-row-header\" role=\"rowheader\" aria-rowindex=\"1\" aria-colindex=\"5\">Akun k\u00e4ytt\u00f6aika:<\/div><div class=\"de-cell\" role=\"cell\" aria-colindex=\"2\" aria-rowindex=\"5\" aria-label=\" \">\n                        Enint\u00e4\u00e4n 10 p\u00e4iv\u00e4\u00e4\n                        \n                     <\/div><\/div><div class=\"de-col-wrapper\" role=\"rowgroup\"><div class=\"de-row-header\" role=\"rowheader\" aria-rowindex=\"1\" aria-colindex=\"6\">Tietojen varastointi:<\/div><div class=\"de-cell\" role=\"cell\" aria-colindex=\"2\" aria-rowindex=\"6\" aria-label=\" \">\n                        15 p\u00e4iv\u00e4\u00e4\n                        \n                     <\/div><\/div><div class=\"de-col-wrapper\" role=\"rowgroup\"><div class=\"de-row-header\" role=\"rowheader\" aria-rowindex=\"1\" aria-colindex=\"7\">Vedenpit\u00e4v\u00e4:<\/div><div class=\"de-cell\" role=\"cell\" aria-colindex=\"2\" aria-rowindex=\"7\" aria-label=\" \">\n                        Jopa 50 metri\u00e4\n                        \n                     <\/div><\/div><div class=\"de-col-wrapper\" role=\"rowgroup\"><div class=\"de-row-header\" role=\"rowheader\" aria-rowindex=\"1\" aria-colindex=\"8\">Toiminta-aika:<\/div><div class=\"de-cell\" role=\"cell\" aria-colindex=\"2\" aria-rowindex=\"8\" aria-label=\" \">\n                        Jopa 100 tuntia\n                        \n                     <\/div><\/div><div class=\"de-col-wrapper\" role=\"rowgroup\"><div class=\"de-row-header\" role=\"rowheader\" aria-rowindex=\"1\" aria-colindex=\"9\">Poltetut kalorit:<\/div><div class=\"de-cell\" role=\"cell\" aria-colindex=\"2\" aria-rowindex=\"9\" aria-label=\" \">\n                        Max 9999.9kcal\n                        \n                     <\/div><\/div><div class=\"de-col-wrapper\" role=\"rowgroup\"><div class=\"de-row-header\" role=\"rowheader\" aria-rowindex=\"1\" aria-colindex=\"10\">K\u00e4ytt\u00f6l\u00e4mp\u00f6tila:<\/div><div class=\"de-cell\" role=\"cell\" aria-colindex=\"2\" aria-rowindex=\"10\" aria-label=\" \">\n                        -10 - + 52 \u00b0C\n                        \n                     <\/div><\/div>\n\n\n<\/div><h3 class=\"bde-heading-68-110 bde-heading\">\nVianm\u00e4\u00e4ritys\n<\/h3><div class=\"bde-rich-text-68-109 bde-rich-text breakdance-rich-text-styles\">\n<p class=\"p1\"><b>Rengasta ei voi kytke\u00e4 <\/b><b><\/b><\/p><ol class=\"ol1\"><li class=\"li2\">Sormus on veloitettava etuk\u00e4teen.<\/li><li class=\"li1\"><b>Bluetooth <\/b>on aktivoitava matkapuhelimessa.<\/li><li class=\"li1\">Tarkista <b>Luvat <\/b>sovelluksen asetuksissa. NEXTring vaatii suuren m\u00e4\u00e4r\u00e4n valtuutuksia!<\/li><li class=\"li1\">K\u00e4ynnist\u00e4 sovellus uudelleen ja yrit\u00e4 yhdist\u00e4\u00e4 rengas.<\/li><li class=\"li1\">Jos ongelmia esiintyy edelleen, sammuta <b>Lentotila <\/b>p\u00e4\u00e4lle ja pois p\u00e4\u00e4lt\u00e4 ja pariliitos uudelleen.<\/li><\/ol><p class=\"p1\"><b>Rengas ei mittaa tietoja <\/b><b><\/b><\/p><p class=\"p1\">Poista sormuksen pariliitos ja pariliit\u00e4 se uudelleen.<\/p><p class=\"p1\"><b>Rengasakku tyhjenee liian nopeasti <\/b><b><\/b><\/p><ol class=\"ol1\"><li class=\"li4\">Lataa rengasta v\u00e4hint\u00e4\u00e4n kolme tuntia ja tarkista, vilkkuuko rengas latauksen aikana.<\/li><li class=\"li1\">Vaihda kaapeli ja\/tai pistoke.<\/li><\/ol><p class=\"p1\"><b>Ongelma ei ole ratkaistu? <\/b><b><\/b><\/p><p class=\"p1\">Tarkista APP:n ja verkkosivustomme yleiset kysymykset.<\/p>\n<\/div><h3 class=\"bde-heading-68-108 bde-heading\">\nTurvallisuusohjeet\n<\/h3><div class=\"bde-rich-text-68-106 bde-rich-text breakdance-rich-text-styles\">\n<p class=\"p1\">N\u00e4iden ohjeiden noudattamatta j\u00e4tt\u00e4minen voi aiheuttaa tulipalon, s\u00e4hk\u00f6iskun, loukkaantumisen tai vahingoittaa rengasta tai muuta omaisuutta. Lue kaikki alla olevat turvallisuustiedot ennen renkaan k\u00e4ytt\u00f6\u00e4.<\/p><h4 class=\"p1\">Ei l\u00e4\u00e4kinn\u00e4llinen laite <b><\/b><\/h4><p class=\"p1\">T\u00e4m\u00e4 rengas ei ole l\u00e4\u00e4kinn\u00e4llinen laite, eik\u00e4 sit\u00e4 tule k\u00e4ytt\u00e4\u00e4 ammattitaitoisen l\u00e4\u00e4k\u00e4rin arvion korvikkeena. Sit\u00e4 ei ole suunniteltu tai tarkoitettu sairauksien tai muiden tilojen diagnosointiin tai sairauksien parantamiseen, lievent\u00e4miseen, hoitoon tai ennaltaehk\u00e4isyyn. Kysy neuvoa l\u00e4\u00e4k\u00e4rilt\u00e4si ennen kuin teet mit\u00e4\u00e4n terveytt\u00e4si koskevia p\u00e4\u00e4t\u00f6ksi\u00e4.<\/p><p class=\"p1\">Jos rengas on <b>allerginen reaktio <\/b>Jos ilmenee anafylaktinen reaktio, poista rengas v\u00e4litt\u00f6m\u00e4sti. Harvinaisessa anafylaktisen reaktion tapauksessa ota v\u00e4litt\u00f6m\u00e4sti yhteys l\u00e4\u00e4k\u00e4riin.<\/p><h4 class=\"p1\">K\u00e4ytt\u00f6, hoito ja kunnossapito <b><\/b><\/h4><p class=\"p1\">Sormuksen koko voi vaihdella vuorokaudenajan mukaan, ja joskus sormusta voi olla vaikea irrottaa sormesta. Jos sormus j\u00e4\u00e4 jumiin: Puhdista sormesi kylm\u00e4ll\u00e4 vedell\u00e4 ja miedolla saippualla.<\/p><p class=\"p1\">Kostuta sormesi ja irrota sormus hitaasti kiert\u00e4m\u00e4ll\u00e4 sit\u00e4.<\/p><p class=\"p1\"><b>H\u00e4t\u00e4tapaus: Jos et pysty poistamaan rengasta itse. <\/b><b><\/b><b>ota v\u00e4litt\u00f6m\u00e4sti yhteys l\u00e4\u00e4k\u00e4riin. <\/b><b><\/b><\/p><p class=\"p1\">Puhdista rengas pehme\u00e4ll\u00e4 liinalla, jossa on mietoa saippuaa ja vett\u00e4. Sormusta voi k\u00e4ytt\u00e4\u00e4 suihkussa, uidessa tai uidessa.<\/p><p class=\"p2\"><b>Takuu ei koske k\u00e4ytt\u00f6j\u00e4lki\u00e4 ja mekaanisia vaurioita: <\/b>Smartring on korkealaatuinen tekninen tuote, joka on kest\u00e4v\u00e4, kun sit\u00e4 k\u00e4ytet\u00e4\u00e4n oikein. Takuu ei kuitenkaan kata <b>Naarmut, hiertym\u00e4t tai muut pinnalliset vauriot.<\/b>jotka johtuvat kosketuksesta koviin tai ter\u00e4viin materiaaleihin (esim. kivet, metallit, ty\u00f6kalut). N\u00e4it\u00e4 pidet\u00e4\u00e4n <b>K\u00e4ytt\u00f6j\u00e4ljet <\/b>eiv\u00e4tk\u00e4 ne muodosta takuuvaatimusta. Siksi suosittelemme renkaan poistamista voimaharjoittelun aikana, kun ty\u00f6skennell\u00e4\u00e4n suuren mekaanisen rasituksen tai mahdollisesti vahingoittavan materiaalin kanssa, jotta pinta ja tekniikka voidaan suojata pysyv\u00e4sti.<\/p><p class=\"p1\">Yrit\u00e4 my\u00f6s olla k\u00e4ytt\u00e4m\u00e4tt\u00e4 sormusta muiden metallista, keramiikasta, kivist\u00e4 tai timanteista valmistettujen esineiden vieress\u00e4. Sormus voi naarmuuntua ja naarmuttaa jopa pehme\u00e4mpi\u00e4 metallikoruja tai muita esineit\u00e4.<\/p><p class=\"p1\">Sormus voi naarmuuntua esineiss\u00e4, jotka ovat l\u00e4heisess\u00e4 kosketuksessa sormuksen kanssa, kuten kullasta, hopeasta, keramiikasta tai alumiinista valmistetuissa matkapuhelinkoteloissa.<\/p><p class=\"p1\">Pid\u00e4 sormus poissa lasten ulottuvilta. T\u00e4t\u00e4 tuotetta ei ole tarkoitettu alle 18-vuotiaille. Hakeudu v\u00e4litt\u00f6m\u00e4sti l\u00e4\u00e4k\u00e4rin hoitoon, jos tied\u00e4t tai ep\u00e4ilet, ett\u00e4 lapsi on niellyt renkaan. \u00c4l\u00e4 altista sormusta suoralle kuumuudelle, esim. ajoneuvossa tai auringossa. \u00c4l\u00e4 puhkaise rengasta tai sen paristoa.<\/p><p class=\"p1\">V\u00e4lt\u00e4 paristojen pit\u00e4mist\u00e4 k\u00e4dess\u00e4si tai paristoja sis\u00e4lt\u00e4vien laitteiden ja koneiden k\u00e4ytt\u00f6\u00e4, kun k\u00e4yt\u00e4t sormusta. Tietyiss\u00e4 tapauksissa, joissa sek\u00e4 toisen pariston katodi ett\u00e4 anodi koskettavat sormusta, on olemassa samanlainen oikosulun vaara kuin tavallisissa metallisormuksissa. T\u00e4m\u00e4 voi johtaa mahdollisesti vaaralliseen s\u00e4hk\u00f6iskuun.<\/p><h4 class=\"p1\">J\u00e4tehuolto <b><\/b><\/h4><p class=\"p1\">K\u00e4sittele rengasta, laturia ja akkua varoen ja h\u00e4vit\u00e4 ne asianmukaisesti. \u00c4l\u00e4 koskaan h\u00e4vit\u00e4 akkua tai laitetta tuleen. Noudata paikallisia m\u00e4\u00e4r\u00e4yksi\u00e4, kun h\u00e4vit\u00e4t k\u00e4ytettyj\u00e4 akkuja tai laitteita. Euroopan parlamentti ja Euroopan unionin neuvosto ovat hyv\u00e4ksyneet EU:n WEEE-direktiivin. Direktiivin tavoitteena on v\u00e4ltt\u00e4\u00e4 s\u00e4hk\u00f6- ja elektroniikkaromun syntymist\u00e4 ja minimoi<\/p><p class=\"p1\">t\u00e4llaisen j\u00e4tteen uudelleenk\u00e4ytt\u00f6, kierr\u00e4tys ja muut hy\u00f6dynt\u00e4mistavat. Direktiivi vaikuttaa n\u00e4in ollen valmistajiin, v\u00e4hitt\u00e4ismyyjiin ja kuluttajiin. S\u00e4hk\u00f6- ja elektroniikkalaiteromudirektiiviss\u00e4 edellytet\u00e4\u00e4n, ett\u00e4 sek\u00e4 tuottajat ett\u00e4 loppuk\u00e4ytt\u00e4j\u00e4t h\u00e4vitt\u00e4v\u00e4t s\u00e4hk\u00f6- ja elektroniikkalaitteet ja komponentit ymp\u00e4rist\u00f6\u00e4 s\u00e4\u00e4st\u00e4v\u00e4ll\u00e4 tavalla ja ett\u00e4 laitteet tai j\u00e4tteet k\u00e4ytet\u00e4\u00e4n uudelleen, erotellaan toisistaan tai hy\u00f6dynnet\u00e4\u00e4n energian talteenottoa varten. S\u00e4hk\u00f6- ja elektroniikkalaitteita ja -komponentteja ei saa h\u00e4vitt\u00e4\u00e4 tavanomaisen kotitalousj\u00e4tteen mukana, vaan ne on ker\u00e4tt\u00e4v\u00e4 ja h\u00e4vitett\u00e4v\u00e4 erikseen. Tuotteet ja laitteet, jotka on ker\u00e4tt\u00e4v\u00e4 uudelleenk\u00e4ytt\u00f6\u00e4, kierr\u00e4tyst\u00e4 tai muuta hy\u00f6dynt\u00e4mist\u00e4 varten, merkit\u00e4\u00e4n kuvassa olevalla symbolilla. H\u00e4vitt\u00e4m\u00e4ll\u00e4 s\u00e4hk\u00f6- ja elektroniikkalaitteet maassasi k\u00e4yt\u00f6ss\u00e4 olevien ker\u00e4ysj\u00e4rjestelmien kautta edist\u00e4t osaltaan ymp\u00e4rist\u00f6n- ja terveydensuojelua sek\u00e4 luonnonvarojen kest\u00e4v\u00e4\u00e4 ja j\u00e4rkev\u00e4\u00e4 k\u00e4ytt\u00f6\u00e4. S\u00e4hk\u00f6-\/elektroniikkalaitteiden ker\u00e4ys suojaa ymp\u00e4rist\u00f6\u00e4 vaarallisilta aineilta, joita voi olla vastaavissa tuotteissa ja laitteissa. Voit palauttaa sormuksen meille, ja me h\u00e4vit\u00e4mme sen.<\/p><p class=\"p1\"><b>Tietosuoja: <\/b>Tietosuojaa koskevia tietoja l\u00f6yd\u00e4t suoraan sovelluksesta.<\/p>\n<\/div><h3 class=\"bde-heading-68-105 bde-heading\">\nEU:n vaatimustenmukaisuusvakuutus\n<\/h3><div class=\"bde-rich-text-68-104 bde-rich-text breakdance-rich-text-styles\">\n<p class=\"p1\">ilogs smartwear GmbH vakuuttaa, ett\u00e4 tuote My Nextring t\u00e4ytt\u00e4\u00e4 direktiivin 2014\/53\/EU olennaiset vaatimukset ja kaikki asiaa koskevat s\u00e4\u00e4nn\u00f6kset. J\u00e4ljenn\u00f6s vaatimustenmukaisuusvakuutuksesta on ladattavissa seuraavasta linkist\u00e4.<\/p>\n<\/div><div class=\"bde-icon-list-68-102 bde-icon-list\">\n<ul>\n  \n              \n    <li>\n                      \n            \n            \n\n    \n    \n    \n    \n    \n    <a class=\"breakdance-link bde-icon-list__item-wrapper\" href=\"mynextring.com\/download\/coc\/mynextring.pdf\" target=\"_self\" data-type=\"url\"  >\n\n      \n      <span class='bde-icon-list__icon'>\n        <svg xmlns=\"http:\/\/www.w3.org\/2000\/svg\" id=\"icon-file-pdf\" viewbox=\"0 0 32 32\">\n<path d=\"M26.313 18.421c-0.427-0.42-1.372-0.643-2.812-0.662-0.974-0.011-2.147 0.075-3.38 0.248-0.552-0.319-1.122-0.665-1.568-1.083-1.202-1.122-2.205-2.68-2.831-4.394 0.041-0.16 0.075-0.301 0.108-0.444 0 0 0.677-3.846 0.498-5.146-0.025-0.178-0.040-0.23-0.088-0.369l-0.059-0.151c-0.184-0.425-0.545-0.875-1.111-0.85l-0.341-0.011c-0.631 0-1.146 0.323-1.281 0.805-0.411 1.514 0.013 3.778 0.781 6.711l-0.197 0.478c-0.55 1.34-1.238 2.689-1.846 3.88l-0.079 0.155c-0.639 1.251-1.22 2.313-1.745 3.213l-0.543 0.287c-0.040 0.021-0.97 0.513-1.188 0.645-1.852 1.106-3.079 2.361-3.282 3.357-0.065 0.318-0.017 0.725 0.313 0.913l0.525 0.264c0.228 0.114 0.468 0.172 0.714 0.172 1.319 0 2.85-1.643 4.959-5.324 2.435-0.793 5.208-1.452 7.638-1.815 1.852 1.043 4.129 1.767 5.567 1.767 0.255 0 0.475-0.024 0.654-0.072 0.276-0.073 0.508-0.23 0.65-0.444 0.279-0.42 0.335-0.998 0.26-1.59-0.023-0.176-0.163-0.393-0.315-0.541zM6.614 25.439c0.241-0.658 1.192-1.958 2.6-3.111 0.088-0.072 0.306-0.276 0.506-0.466-1.472 2.348-2.458 3.283-3.106 3.577zM14.951 6.24c0.424 0 0.665 1.069 0.685 2.070s-0.214 1.705-0.505 2.225c-0.241-0.77-0.357-1.984-0.357-2.778 0 0-0.018-1.517 0.177-1.517v0zM12.464 19.922c0.295-0.529 0.603-1.086 0.917-1.677 0.765-1.447 1.249-2.58 1.609-3.511 0.716 1.303 1.608 2.41 2.656 3.297 0.131 0.111 0.269 0.222 0.415 0.333-2.132 0.422-3.974 0.935-5.596 1.558v0zM25.903 19.802c-0.13 0.081-0.502 0.128-0.741 0.128-0.772 0-1.727-0.353-3.066-0.927 0.515-0.038 0.986-0.057 1.409-0.057 0.774 0 1.004-0.003 1.761 0.19s0.767 0.585 0.637 0.667v0z\"\/>\n<path d=\"M28.681 7.159c-0.694-0.947-1.662-2.053-2.724-3.116s-2.169-2.030-3.116-2.724c-1.612-1.182-2.393-1.319-2.841-1.319h-15.5c-1.378 0-2.5 1.121-2.5 2.5v27c0 1.378 1.121 2.5 2.5 2.5h23c1.378 0 2.5-1.122 2.5-2.5v-19.5c0-0.448-0.137-1.23-1.319-2.841v0zM24.543 5.457c0.959 0.959 1.712 1.825 2.268 2.543h-4.811v-4.811c0.718 0.556 1.584 1.309 2.543 2.268v0zM28 29.5c0 0.271-0.229 0.5-0.5 0.5h-23c-0.271 0-0.5-0.229-0.5-0.5v-27c0-0.271 0.229-0.5 0.5-0.5 0 0 15.499-0 15.5 0v7c0 0.552 0.448 1 1 1h7v19.5z\"\/>\n<\/svg>\n      <\/span>\n      <span class='bde-icon-list__text' >\n      COC-vaatimustenmukaisuusvakuutus (saksa)\n      <\/span>\n                  <\/a>\n\n      \n    <\/li>\n\n  \n              \n    <li>\n                      \n            \n            \n\n    \n    \n    \n    \n    \n    <a class=\"breakdance-link bde-icon-list__item-wrapper\" href=\"mynextring.com\/download\/coc\/mynextringe.pdfn\" target=\"_self\" data-type=\"url\"  >\n\n      \n      <span class='bde-icon-list__icon'>\n        <svg xmlns=\"http:\/\/www.w3.org\/2000\/svg\" id=\"icon-file-pdf\" viewbox=\"0 0 32 32\">\n<path d=\"M26.313 18.421c-0.427-0.42-1.372-0.643-2.812-0.662-0.974-0.011-2.147 0.075-3.38 0.248-0.552-0.319-1.122-0.665-1.568-1.083-1.202-1.122-2.205-2.68-2.831-4.394 0.041-0.16 0.075-0.301 0.108-0.444 0 0 0.677-3.846 0.498-5.146-0.025-0.178-0.040-0.23-0.088-0.369l-0.059-0.151c-0.184-0.425-0.545-0.875-1.111-0.85l-0.341-0.011c-0.631 0-1.146 0.323-1.281 0.805-0.411 1.514 0.013 3.778 0.781 6.711l-0.197 0.478c-0.55 1.34-1.238 2.689-1.846 3.88l-0.079 0.155c-0.639 1.251-1.22 2.313-1.745 3.213l-0.543 0.287c-0.040 0.021-0.97 0.513-1.188 0.645-1.852 1.106-3.079 2.361-3.282 3.357-0.065 0.318-0.017 0.725 0.313 0.913l0.525 0.264c0.228 0.114 0.468 0.172 0.714 0.172 1.319 0 2.85-1.643 4.959-5.324 2.435-0.793 5.208-1.452 7.638-1.815 1.852 1.043 4.129 1.767 5.567 1.767 0.255 0 0.475-0.024 0.654-0.072 0.276-0.073 0.508-0.23 0.65-0.444 0.279-0.42 0.335-0.998 0.26-1.59-0.023-0.176-0.163-0.393-0.315-0.541zM6.614 25.439c0.241-0.658 1.192-1.958 2.6-3.111 0.088-0.072 0.306-0.276 0.506-0.466-1.472 2.348-2.458 3.283-3.106 3.577zM14.951 6.24c0.424 0 0.665 1.069 0.685 2.070s-0.214 1.705-0.505 2.225c-0.241-0.77-0.357-1.984-0.357-2.778 0 0-0.018-1.517 0.177-1.517v0zM12.464 19.922c0.295-0.529 0.603-1.086 0.917-1.677 0.765-1.447 1.249-2.58 1.609-3.511 0.716 1.303 1.608 2.41 2.656 3.297 0.131 0.111 0.269 0.222 0.415 0.333-2.132 0.422-3.974 0.935-5.596 1.558v0zM25.903 19.802c-0.13 0.081-0.502 0.128-0.741 0.128-0.772 0-1.727-0.353-3.066-0.927 0.515-0.038 0.986-0.057 1.409-0.057 0.774 0 1.004-0.003 1.761 0.19s0.767 0.585 0.637 0.667v0z\"\/>\n<path d=\"M28.681 7.159c-0.694-0.947-1.662-2.053-2.724-3.116s-2.169-2.030-3.116-2.724c-1.612-1.182-2.393-1.319-2.841-1.319h-15.5c-1.378 0-2.5 1.121-2.5 2.5v27c0 1.378 1.121 2.5 2.5 2.5h23c1.378 0 2.5-1.122 2.5-2.5v-19.5c0-0.448-0.137-1.23-1.319-2.841v0zM24.543 5.457c0.959 0.959 1.712 1.825 2.268 2.543h-4.811v-4.811c0.718 0.556 1.584 1.309 2.543 2.268v0zM28 29.5c0 0.271-0.229 0.5-0.5 0.5h-23c-0.271 0-0.5-0.229-0.5-0.5v-27c0-0.271 0.229-0.5 0.5-0.5 0 0 15.499-0 15.5 0v7c0 0.552 0.448 1 1 1h7v19.5z\"\/>\n<\/svg>\n      <\/span>\n      <span class='bde-icon-list__text' >\n      COC-vaatimustenmukaisuusvakuutus (englanti)\n      <\/span>\n                  <\/a>\n\n      \n    <\/li>\n\n  <\/ul>\n\n<\/div><\/div>\n<\/section>","protected":false},"excerpt":{"rendered":"<p>K\u00e4ytt\u00f6ohjeet Toimituksen sis\u00e4lt\u00f6 Smart Ring \u201eMY nextRING \u201cLangaton latauskotelo (latauskotelo)C-tyypin latauskaapeliK\u00e4ytt\u00f6ohjeet MY nextRING-sovelluksen lataaminen Skannaa QR-koodi tai etsi MYnextRING-sovellus Google Playsta tai iOS App Storesta.Asenna sitten sovellus.   MYnextRingin yhdist\u00e4minen \u00e4lypuhelimeen Yhdist\u00e4\u00e4ksesi sormuksen \u00e4lypuhelimeen, sen on ensin \u201eher\u00e4tt\u00e4v\u00e4\u201c.<\/p>","protected":false},"author":1,"featured_media":0,"parent":0,"menu_order":0,"comment_status":"closed","ping_status":"closed","template":"","meta":{"_breakdance_hide_in_design_set":false,"_breakdance_tags":"","footnotes":""},"class_list":["post-68","page","type-page","status-publish","hentry"],"_links":{"self":[{"href":"https:\/\/help.mynextring.com\/fi\/wp-json\/wp\/v2\/pages\/68","targetHints":{"allow":["GET"]}}],"collection":[{"href":"https:\/\/help.mynextring.com\/fi\/wp-json\/wp\/v2\/pages"}],"about":[{"href":"https:\/\/help.mynextring.com\/fi\/wp-json\/wp\/v2\/types\/page"}],"author":[{"embeddable":true,"href":"https:\/\/help.mynextring.com\/fi\/wp-json\/wp\/v2\/users\/1"}],"replies":[{"embeddable":true,"href":"https:\/\/help.mynextring.com\/fi\/wp-json\/wp\/v2\/comments?post=68"}],"version-history":[{"count":13,"href":"https:\/\/help.mynextring.com\/fi\/wp-json\/wp\/v2\/pages\/68\/revisions"}],"predecessor-version":[{"id":99,"href":"https:\/\/help.mynextring.com\/fi\/wp-json\/wp\/v2\/pages\/68\/revisions\/99"}],"wp:attachment":[{"href":"https:\/\/help.mynextring.com\/fi\/wp-json\/wp\/v2\/media?parent=68"}],"curies":[{"name":"wp","href":"https:\/\/api.w.org\/{rel}","templated":true}]}}