{"id":13,"date":"2025-06-13T10:07:58","date_gmt":"2025-06-13T10:07:58","guid":{"rendered":"https:\/\/help.mynextring.eu\/?page_id=13"},"modified":"2025-07-23T11:35:17","modified_gmt":"2025-07-23T11:35:17","slug":"hilfecenter-fur-mynextring-hier-wird-ihnen-geholfen","status":"publish","type":"page","link":"https:\/\/help.mynextring.com\/fi\/","title":{"rendered":"Ohjekeskus myNEXTringille - saat apua t\u00e4\u00e4lt\u00e4"},"content":{"rendered":"<section class=\"bde-section-13-100 bde-section\">\n  \n  \n\t\n\n\n\n<div class=\"section-container\"><div class=\"bde-columns-13-111 bde-columns\"><div class=\"bde-column-13-112 bde-column\">\n  \n  \n\t\n\n\n\n<div class=\"bde-div-13-117 bde-div\">\n  \n  \n\t\n\n\n\n<div class=\"bde-div-13-118 bde-div\">\n  \n  \n\t\n\n\n\n<h4 class=\"bde-heading-13-116 bde-heading\">\nTervetuloa \n<\/h4><h1 class=\"bde-heading-13-101 bde-heading\">\nOhjekeskus \n<\/h1>\n<\/div>\n<\/div><div class=\"bde-div-13-103 bde-div\">\n  \n  \n\t\n\n\n\n<a class=\"bde-text-link-13-105 bde-text-link breakdance-link\" href=\"\/de\" target=\"_self\" data-type=\"url\">\n  <h4 >\n  Saksan\n  <\/h4>\n\n<\/a><a class=\"bde-text-link-13-106 bde-text-link breakdance-link\" href=\"\/en\" target=\"_self\" data-type=\"url\">\n  <h4 >\n  Englanti\n  <\/h4>\n\n<\/a><a class=\"bde-text-link-13-107 bde-text-link breakdance-link\" href=\"\/fr\" target=\"_self\" data-type=\"url\">\n  <h4 >\n  Fran\u00e7ais\n  <\/h4>\n\n<\/a><a class=\"bde-text-link-13-108 bde-text-link breakdance-link\" href=\"\/it\" target=\"_self\" data-type=\"url\">\n  <h4 >\n  Italiano\n  <\/h4>\n\n<\/a><a class=\"bde-text-link-13-109 bde-text-link breakdance-link\" href=\"\/pl\" target=\"_self\" data-type=\"url\">\n  <h4 >\n  Polski\n  <\/h4>\n\n<\/a><a class=\"bde-text-link-13-110 bde-text-link breakdance-link\" href=\"\/es\" target=\"_self\" data-type=\"url\">\n  <h4 >\n  Espa\u00f1ol\n  <\/h4>\n\n<\/a>\n<\/div>\n<\/div><div class=\"bde-column-13-113 bde-column\">\n  \n  \n\t\n\n\n\n<div class=\"bde-post-loop-13-115 bde-post-loop\">\n<div class=\"bde-loop bde-loop- ee-posts ee-posts-\">    <article class=\"bde-loop-item ee-post\">\n    <div class=\"bde-columns-109-102-106-109-1 bde-columns bde-columns-109-102\"><div class=\"bde-column-109-103-106-109-1 bde-column bde-column-109-103\">\n  \n  \n\t\n\n\n\n<img decoding=\"async\" class=\"bde-image2-109-106-106-109-1 bde-image2 bde-image2-109-106\" src=\"https:\/\/help.mynextring.com\/wp-content\/uploads\/2025\/07\/newsletter_news.jpg\" loading=\"lazy\" srcset=\"https:\/\/help.mynextring.com\/wp-content\/uploads\/2025\/07\/newsletter_news.jpg 800w, https:\/\/help.mynextring.com\/wp-content\/uploads\/2025\/07\/newsletter_news-300x200.jpg 300w, https:\/\/help.mynextring.com\/wp-content\/uploads\/2025\/07\/newsletter_news-768x512.jpg 768w\" sizes=\"(max-width: 800px) 100vw, 800px\">\n<\/div><div class=\"bde-column-109-104-106-109-1 bde-column bde-column-109-104\">\n  \n  \n\t\n\n\n\n<a class=\"bde-container-link-109-107-106-109-1 bde-container-link bde-container-link-109-107 breakdance-link\" href=\"https:\/\/help.mynextring.com\/fi\/dringend-update-fur-nextring-erforderlich-ios-user\/\" target=\"_self\" data-type=\"url\">\n  \n  \n\t\n\n\n\n<h3 class=\"bde-heading-109-100-106-109-1 bde-heading bde-heading-109-100\">\nT\u00c4RKE\u00c4 P\u00c4IVITYS: Vaaditaan nextRINGille (iOS-k\u00e4ytt\u00e4j\u00e4t).\n<\/h3><div class=\"bde-rich-text-109-101-106-109-1 bde-rich-text bde-rich-text-109-101 breakdance-rich-text-styles\">\n<p>Sovelluksemme on saanut t\u00e4rke\u00e4n p\u00e4ivityksen - \"Nextringist\u00e4\" on tullut \"My Nextring\"! Uutta ja parempaa: Jotta kaikki toimisi jatkossakin moitteettomasti, pyyd\u00e4mme sinua tekem\u00e4\u00e4n pikap\u00e4ivityksen.  P\u00e4ivit\u00e4 sovellus nyt &amp; p\u00e4ivit\u00e4 rengas!  Lupaus - se on nopea: Valmis!  Sormuksesi on nyt ajan tasalla. Kiitos luottamuksesta &amp; tervetuloa [...]<\/p>\n\n<\/div>\n\n<\/a>\n<\/div><\/div>    <\/article>\n        <article class=\"bde-loop-item ee-post\">\n    <div class=\"bde-columns-109-102-101-109-1 bde-columns bde-columns-109-102\"><div class=\"bde-column-109-103-101-109-1 bde-column bde-column-109-103\">\n  \n  \n\t\n\n\n\n<img decoding=\"async\" class=\"bde-image2-109-106-101-109-1 bde-image2 bde-image2-109-106\" src=\"https:\/\/help.mynextring.com\/wp-content\/uploads\/2025\/07\/newsletter_news.jpg\" loading=\"lazy\" srcset=\"https:\/\/help.mynextring.com\/wp-content\/uploads\/2025\/07\/newsletter_news.jpg 800w, https:\/\/help.mynextring.com\/wp-content\/uploads\/2025\/07\/newsletter_news-300x200.jpg 300w, https:\/\/help.mynextring.com\/wp-content\/uploads\/2025\/07\/newsletter_news-768x512.jpg 768w\" sizes=\"(max-width: 800px) 100vw, 800px\">\n<\/div><div class=\"bde-column-109-104-101-109-1 bde-column bde-column-109-104\">\n  \n  \n\t\n\n\n\n<a class=\"bde-container-link-109-107-101-109-1 bde-container-link bde-container-link-109-107 breakdance-link\" href=\"https:\/\/help.mynextring.com\/fi\/dringend-update-fur-nextring-erforderlichandroid-user\/\" target=\"_self\" data-type=\"url\">\n  \n  \n\t\n\n\n\n<h3 class=\"bde-heading-109-100-101-109-1 bde-heading bde-heading-109-100\">\nT\u00c4RKE\u00c4 P\u00c4IVITYS: Tarvitaan nextRING (Android-k\u00e4ytt\u00e4j\u00e4t)\n<\/h3><div class=\"bde-rich-text-109-101-101-109-1 bde-rich-text bde-rich-text-109-101 breakdance-rich-text-styles\">\n<p>Sovelluksemme on saanut t\u00e4rke\u00e4n p\u00e4ivityksen - \"Nextringist\u00e4\" on tullut \"My Nextring\"! Uutta ja parempaa: Jotta kaikki toimisi jatkossakin moitteettomasti, pyyd\u00e4mme sinua tekem\u00e4\u00e4n pikap\u00e4ivityksen.  Poista vanha sovellus, asenna uusi sovellus &amp; yhdist\u00e4 rengas uudelleen - se on helppoa!  Lupaus - se on nopea: Valmis!  Sormuksesi on nyt ajan tasalla. [...]<\/p>\n\n<\/div>\n\n<\/a>\n<\/div><\/div>    <\/article>\n    <\/div>\n\n<\/div>\n<\/div><\/div><\/div>\n<\/section>","protected":false},"excerpt":{"rendered":"<p>Tervetuloa k\u00e4ytt\u00f6keskukseen Deutsch English Fran\u00e7ais Italiano Polski Espa\u00f1ol T\u00c4RKE\u00c4 P\u00c4IVITYS: Tarvitaan nextRINGille (iOS-k\u00e4ytt\u00e4j\u00e4t) Sovelluksemme on saanut t\u00e4rke\u00e4n p\u00e4ivityksen - \u201eNextringist\u00e4\u201c on tullut \u201eMy Nextring\u201c! Uutta ja parempaa: Jotta kaikki toimisi jatkossakin moitteettomasti, pyyd\u00e4mme sinua p\u00e4ivitt\u00e4m\u00e4\u00e4n sovelluksen.  P\u00e4ivit\u00e4 sovellus nyt &amp; p\u00e4ivit\u00e4 rengas!  Luvattiin - se on nopeaa: Valmis!  [...]<\/p>","protected":false},"author":1,"featured_media":0,"parent":0,"menu_order":0,"comment_status":"closed","ping_status":"closed","template":"","meta":{"_breakdance_hide_in_design_set":false,"_breakdance_tags":"","footnotes":""},"class_list":["post-13","page","type-page","status-publish","hentry"],"_links":{"self":[{"href":"https:\/\/help.mynextring.com\/fi\/wp-json\/wp\/v2\/pages\/13","targetHints":{"allow":["GET"]}}],"collection":[{"href":"https:\/\/help.mynextring.com\/fi\/wp-json\/wp\/v2\/pages"}],"about":[{"href":"https:\/\/help.mynextring.com\/fi\/wp-json\/wp\/v2\/types\/page"}],"author":[{"embeddable":true,"href":"https:\/\/help.mynextring.com\/fi\/wp-json\/wp\/v2\/users\/1"}],"replies":[{"embeddable":true,"href":"https:\/\/help.mynextring.com\/fi\/wp-json\/wp\/v2\/comments?post=13"}],"version-history":[{"count":15,"href":"https:\/\/help.mynextring.com\/fi\/wp-json\/wp\/v2\/pages\/13\/revisions"}],"predecessor-version":[{"id":133,"href":"https:\/\/help.mynextring.com\/fi\/wp-json\/wp\/v2\/pages\/13\/revisions\/133"}],"wp:attachment":[{"href":"https:\/\/help.mynextring.com\/fi\/wp-json\/wp\/v2\/media?parent=13"}],"curies":[{"name":"wp","href":"https:\/\/api.w.org\/{rel}","templated":true}]}}